{"id":4164,"date":"2021-01-25T21:28:10","date_gmt":"2021-01-26T02:28:10","guid":{"rendered":"https:\/\/www.12rbc.ca\/produit\/garmin-gps-foretrex-601\/"},"modified":"2024-11-12T11:07:30","modified_gmt":"2024-11-12T16:07:30","slug":"garmin-gps-foretrex-601","status":"publish","type":"product","link":"https:\/\/www.12rbc.ca\/en\/produit\/garmin-gps-foretrex-601\/","title":{"rendered":"Garmin GPS FORETREX 601"},"content":{"rendered":"<ul>\n<li>Solide, conforme aux normes militaires (mil-sud-810G)<\/li>\n<li>Compatible avec les jumelles de vision nocturne<\/li>\n<li>Offre des fonctions de g\u00e9olocalisation pr\u00e9cises gr\u00e2ce aux satellites GPS, GLONASS et Galileo<\/li>\n<li>Evitez de vous perdre gr\u00e2ce aux capteurs de navigation, notamment \u00e0 un acc\u00e9l\u00e9rom\u00e8tres 3 axes, un compas \u00e9lectronique 3 axes et un altim\u00e8tre barom\u00e9trique<\/li>\n<li>Les Smart Notifications vous permettent de recevoir des e-mails, SMS et alertes sur votre appareil.<\/li>\n<li>Autonomie de la batterie de plus de 48 heures en mode de navigation, jusqu&#8217;\u00e0 une semaine en mode UltraTrac et jusqu&#8217;\u00e0 un mois en mode montre.<\/li>\n<\/ul>\n<p>&nbsp;<\/p>\n<p>Contient:<\/p>\n<ul>\n<li>Foretrex 601<\/li>\n<li>Bracelet scratch<\/li>\n<li>Lani\u00e8re d&#8217;extension<\/li>\n<li>C\u00e2ble USB<\/li>\n<li>Documentation<\/li>\n<\/ul>\n","protected":false},"excerpt":{"rendered":"<p>Solide, conforme aux normes militaires (mil-sud-810G) Compatible avec les jumelles de vision nocturne Offre des fonctions de g\u00e9olocalisation pr\u00e9cises gr\u00e2ce aux satellites GPS, GLONASS et Galileo Evitez de vous perdre gr\u00e2ce aux capteurs de navigation, notamment \u00e0 un acc\u00e9l\u00e9rom\u00e8tres 3 axes, un compas \u00e9lectronique 3 axes et un altim\u00e8tre barom\u00e9trique Les Smart Notifications vous permettent [&hellip;]<\/p>\n","protected":false},"featured_media":2549,"template":"","meta":{"_acf_changed":false,"inline_featured_image":false},"product_brand":[],"product_cat":[331],"product_tag":[],"class_list":{"0":"post-4164","1":"product","2":"type-product","3":"status-publish","4":"has-post-thumbnail","6":"product_cat-tactical-equipment","8":"first","9":"outofstock","10":"taxable","11":"shipping-taxable","12":"purchasable","13":"product-type-simple"},"acf":[],"yoast_head":"<!-- This site is optimized with the Yoast SEO plugin v27.3 - https:\/\/yoast.com\/product\/yoast-seo-wordpress\/ -->\n<title>Garmin GPS FORETREX 601 - Association du 12i\u00e8me R\u00e9giment blind\u00e9 du Canada<\/title>\n<meta name=\"robots\" content=\"index, follow, max-snippet:-1, max-image-preview:large, max-video-preview:-1\" \/>\n<link rel=\"canonical\" href=\"https:\/\/www.12rbc.ca\/en\/produit\/garmin-gps-foretrex-601\/\" \/>\n<meta property=\"og:locale\" content=\"en_US\" \/>\n<meta property=\"og:type\" content=\"article\" \/>\n<meta property=\"og:title\" content=\"Garmin GPS FORETREX 601 - Association du 12i\u00e8me R\u00e9giment blind\u00e9 du Canada\" \/>\n<meta property=\"og:description\" content=\"Solide, conforme aux normes militaires (mil-sud-810G) Compatible avec les jumelles de vision nocturne Offre des fonctions de g\u00e9olocalisation pr\u00e9cises gr\u00e2ce aux satellites GPS, GLONASS et Galileo Evitez de vous perdre gr\u00e2ce aux capteurs de navigation, notamment \u00e0 un acc\u00e9l\u00e9rom\u00e8tres 3 axes, un compas \u00e9lectronique 3 axes et un altim\u00e8tre barom\u00e9trique Les Smart Notifications vous permettent [&hellip;]\" \/>\n<meta property=\"og:url\" content=\"https:\/\/www.12rbc.ca\/en\/produit\/garmin-gps-foretrex-601\/\" \/>\n<meta property=\"og:site_name\" content=\"Association du 12i\u00e8me R\u00e9giment blind\u00e9 du Canada\" \/>\n<meta property=\"article:modified_time\" content=\"2024-11-12T16:07:30+00:00\" \/>\n<meta property=\"og:image\" content=\"https:\/\/www.12rbc.ca\/wp-content\/uploads\/2021\/01\/garmin-foretrex-601-gps-4.jpg\" \/>\n\t<meta property=\"og:image:width\" content=\"800\" \/>\n\t<meta property=\"og:image:height\" content=\"800\" \/>\n\t<meta property=\"og:image:type\" content=\"image\/jpeg\" \/>\n<meta name=\"twitter:card\" content=\"summary_large_image\" \/>\n<meta name=\"twitter:label1\" content=\"Est. reading time\" \/>\n\t<meta name=\"twitter:data1\" content=\"1 minute\" \/>\n<script type=\"application\/ld+json\" class=\"yoast-schema-graph\">{\"@context\":\"https:\\\/\\\/schema.org\",\"@graph\":[{\"@type\":\"WebPage\",\"@id\":\"https:\\\/\\\/www.12rbc.ca\\\/en\\\/produit\\\/garmin-gps-foretrex-601\\\/\",\"url\":\"https:\\\/\\\/www.12rbc.ca\\\/en\\\/produit\\\/garmin-gps-foretrex-601\\\/\",\"name\":\"Garmin GPS FORETREX 601 - Association du 12i\u00e8me R\u00e9giment blind\u00e9 du Canada\",\"isPartOf\":{\"@id\":\"https:\\\/\\\/www.12rbc.ca\\\/en\\\/#website\"},\"primaryImageOfPage\":{\"@id\":\"https:\\\/\\\/www.12rbc.ca\\\/en\\\/produit\\\/garmin-gps-foretrex-601\\\/#primaryimage\"},\"image\":{\"@id\":\"https:\\\/\\\/www.12rbc.ca\\\/en\\\/produit\\\/garmin-gps-foretrex-601\\\/#primaryimage\"},\"thumbnailUrl\":\"https:\\\/\\\/www.12rbc.ca\\\/wp-content\\\/uploads\\\/2021\\\/01\\\/garmin-foretrex-601-gps-4.jpg\",\"datePublished\":\"2021-01-26T02:28:10+00:00\",\"dateModified\":\"2024-11-12T16:07:30+00:00\",\"breadcrumb\":{\"@id\":\"https:\\\/\\\/www.12rbc.ca\\\/en\\\/produit\\\/garmin-gps-foretrex-601\\\/#breadcrumb\"},\"inLanguage\":\"en-US\",\"potentialAction\":[{\"@type\":\"ReadAction\",\"target\":[\"https:\\\/\\\/www.12rbc.ca\\\/en\\\/produit\\\/garmin-gps-foretrex-601\\\/\"]}]},{\"@type\":\"ImageObject\",\"inLanguage\":\"en-US\",\"@id\":\"https:\\\/\\\/www.12rbc.ca\\\/en\\\/produit\\\/garmin-gps-foretrex-601\\\/#primaryimage\",\"url\":\"https:\\\/\\\/www.12rbc.ca\\\/wp-content\\\/uploads\\\/2021\\\/01\\\/garmin-foretrex-601-gps-4.jpg\",\"contentUrl\":\"https:\\\/\\\/www.12rbc.ca\\\/wp-content\\\/uploads\\\/2021\\\/01\\\/garmin-foretrex-601-gps-4.jpg\",\"width\":800,\"height\":800},{\"@type\":\"BreadcrumbList\",\"@id\":\"https:\\\/\\\/www.12rbc.ca\\\/en\\\/produit\\\/garmin-gps-foretrex-601\\\/#breadcrumb\",\"itemListElement\":[{\"@type\":\"ListItem\",\"position\":1,\"name\":\"Accueil\",\"item\":\"https:\\\/\\\/www.12rbc.ca\\\/en\\\/accueil\\\/\"},{\"@type\":\"ListItem\",\"position\":2,\"name\":\"Kit Shop\",\"item\":\"https:\\\/\\\/www.12rbc.ca\\\/en\\\/kit-shop\\\/\"},{\"@type\":\"ListItem\",\"position\":3,\"name\":\"Garmin GPS FORETREX 601\"}]},{\"@type\":\"WebSite\",\"@id\":\"https:\\\/\\\/www.12rbc.ca\\\/en\\\/#website\",\"url\":\"https:\\\/\\\/www.12rbc.ca\\\/en\\\/\",\"name\":\"Association du 12i\u00e8me R\u00e9giment blind\u00e9 du Canada\",\"description\":\"\",\"potentialAction\":[{\"@type\":\"SearchAction\",\"target\":{\"@type\":\"EntryPoint\",\"urlTemplate\":\"https:\\\/\\\/www.12rbc.ca\\\/en\\\/?s={search_term_string}\"},\"query-input\":{\"@type\":\"PropertyValueSpecification\",\"valueRequired\":true,\"valueName\":\"search_term_string\"}}],\"inLanguage\":\"en-US\"}]}<\/script>\n<!-- \/ Yoast SEO plugin. -->","yoast_head_json":{"title":"Garmin GPS FORETREX 601 - Association du 12i\u00e8me R\u00e9giment blind\u00e9 du Canada","robots":{"index":"index","follow":"follow","max-snippet":"max-snippet:-1","max-image-preview":"max-image-preview:large","max-video-preview":"max-video-preview:-1"},"canonical":"https:\/\/www.12rbc.ca\/en\/produit\/garmin-gps-foretrex-601\/","og_locale":"en_US","og_type":"article","og_title":"Garmin GPS FORETREX 601 - Association du 12i\u00e8me R\u00e9giment blind\u00e9 du Canada","og_description":"Solide, conforme aux normes militaires (mil-sud-810G) Compatible avec les jumelles de vision nocturne Offre des fonctions de g\u00e9olocalisation pr\u00e9cises gr\u00e2ce aux satellites GPS, GLONASS et Galileo Evitez de vous perdre gr\u00e2ce aux capteurs de navigation, notamment \u00e0 un acc\u00e9l\u00e9rom\u00e8tres 3 axes, un compas \u00e9lectronique 3 axes et un altim\u00e8tre barom\u00e9trique Les Smart Notifications vous permettent [&hellip;]","og_url":"https:\/\/www.12rbc.ca\/en\/produit\/garmin-gps-foretrex-601\/","og_site_name":"Association du 12i\u00e8me R\u00e9giment blind\u00e9 du Canada","article_modified_time":"2024-11-12T16:07:30+00:00","og_image":[{"width":800,"height":800,"url":"https:\/\/www.12rbc.ca\/wp-content\/uploads\/2021\/01\/garmin-foretrex-601-gps-4.jpg","type":"image\/jpeg"}],"twitter_card":"summary_large_image","twitter_misc":{"Est. reading time":"1 minute"},"schema":{"@context":"https:\/\/schema.org","@graph":[{"@type":"WebPage","@id":"https:\/\/www.12rbc.ca\/en\/produit\/garmin-gps-foretrex-601\/","url":"https:\/\/www.12rbc.ca\/en\/produit\/garmin-gps-foretrex-601\/","name":"Garmin GPS FORETREX 601 - Association du 12i\u00e8me R\u00e9giment blind\u00e9 du Canada","isPartOf":{"@id":"https:\/\/www.12rbc.ca\/en\/#website"},"primaryImageOfPage":{"@id":"https:\/\/www.12rbc.ca\/en\/produit\/garmin-gps-foretrex-601\/#primaryimage"},"image":{"@id":"https:\/\/www.12rbc.ca\/en\/produit\/garmin-gps-foretrex-601\/#primaryimage"},"thumbnailUrl":"https:\/\/www.12rbc.ca\/wp-content\/uploads\/2021\/01\/garmin-foretrex-601-gps-4.jpg","datePublished":"2021-01-26T02:28:10+00:00","dateModified":"2024-11-12T16:07:30+00:00","breadcrumb":{"@id":"https:\/\/www.12rbc.ca\/en\/produit\/garmin-gps-foretrex-601\/#breadcrumb"},"inLanguage":"en-US","potentialAction":[{"@type":"ReadAction","target":["https:\/\/www.12rbc.ca\/en\/produit\/garmin-gps-foretrex-601\/"]}]},{"@type":"ImageObject","inLanguage":"en-US","@id":"https:\/\/www.12rbc.ca\/en\/produit\/garmin-gps-foretrex-601\/#primaryimage","url":"https:\/\/www.12rbc.ca\/wp-content\/uploads\/2021\/01\/garmin-foretrex-601-gps-4.jpg","contentUrl":"https:\/\/www.12rbc.ca\/wp-content\/uploads\/2021\/01\/garmin-foretrex-601-gps-4.jpg","width":800,"height":800},{"@type":"BreadcrumbList","@id":"https:\/\/www.12rbc.ca\/en\/produit\/garmin-gps-foretrex-601\/#breadcrumb","itemListElement":[{"@type":"ListItem","position":1,"name":"Accueil","item":"https:\/\/www.12rbc.ca\/en\/accueil\/"},{"@type":"ListItem","position":2,"name":"Kit Shop","item":"https:\/\/www.12rbc.ca\/en\/kit-shop\/"},{"@type":"ListItem","position":3,"name":"Garmin GPS FORETREX 601"}]},{"@type":"WebSite","@id":"https:\/\/www.12rbc.ca\/en\/#website","url":"https:\/\/www.12rbc.ca\/en\/","name":"Association du 12i\u00e8me R\u00e9giment blind\u00e9 du Canada","description":"","potentialAction":[{"@type":"SearchAction","target":{"@type":"EntryPoint","urlTemplate":"https:\/\/www.12rbc.ca\/en\/?s={search_term_string}"},"query-input":{"@type":"PropertyValueSpecification","valueRequired":true,"valueName":"search_term_string"}}],"inLanguage":"en-US"}]}},"jetpack_sharing_enabled":true,"_links":{"self":[{"href":"https:\/\/www.12rbc.ca\/en\/wp-json\/wp\/v2\/product\/4164","targetHints":{"allow":["GET"]}}],"collection":[{"href":"https:\/\/www.12rbc.ca\/en\/wp-json\/wp\/v2\/product"}],"about":[{"href":"https:\/\/www.12rbc.ca\/en\/wp-json\/wp\/v2\/types\/product"}],"wp:featuredmedia":[{"embeddable":true,"href":"https:\/\/www.12rbc.ca\/en\/wp-json\/wp\/v2\/media\/2549"}],"wp:attachment":[{"href":"https:\/\/www.12rbc.ca\/en\/wp-json\/wp\/v2\/media?parent=4164"}],"wp:term":[{"taxonomy":"product_brand","embeddable":true,"href":"https:\/\/www.12rbc.ca\/en\/wp-json\/wp\/v2\/product_brand?post=4164"},{"taxonomy":"product_cat","embeddable":true,"href":"https:\/\/www.12rbc.ca\/en\/wp-json\/wp\/v2\/product_cat?post=4164"},{"taxonomy":"product_tag","embeddable":true,"href":"https:\/\/www.12rbc.ca\/en\/wp-json\/wp\/v2\/product_tag?post=4164"}],"curies":[{"name":"wp","href":"https:\/\/api.w.org\/{rel}","templated":true}]}}