{"id":4074,"date":"2021-01-31T09:54:17","date_gmt":"2021-01-31T14:54:17","guid":{"rendered":"https:\/\/www.12rbc.ca\/produit\/garmont-t8-bifida\/"},"modified":"2021-04-09T13:32:35","modified_gmt":"2021-04-09T17:32:35","slug":"garmont-t8-bifida","status":"publish","type":"product","link":"https:\/\/www.12rbc.ca\/en\/produit\/garmont-t8-bifida\/","title":{"rendered":"Garmont T8 BIFIDA"},"content":{"rendered":"<p>Les bottes Garmont T8 Bifida sont con\u00e7ues pour offrir le meilleur en termes de durabilit\u00e9 et de confort tout au long d&#8217;une utilisation intensive en service. Construites avec une tige compos\u00e9e de cuir fendu et de mat\u00e9riaux de grille DD r\u00e9sistants, ces bottes sont con\u00e7ues pour \u00eatre r\u00e9sistantes \u00e0 l&#8217;abrasion tout en permettant \u00e0 vos pieds de respirer confortablement. Dot\u00e9es d&#8217;un design \u00e0 balayage vers l&#8217;arri\u00e8re, ces bottes offrent un ajustement parfait qui emp\u00eache les ampoules qui peuvent vous ralentir pendant le service. Le mat\u00e9riel r\u00e9sistant au gr\u00e9ement sans crochet \u00e0 roulement \u00e0 rouleaux renforce l&#8217;ajustement serr\u00e9 pour vous assurer de recevoir le soutien n\u00e9cessaire pour vos chevilles, vos arches et vos tibias. Une semelle robuste et fiable Vibram Bifida compl\u00e8te la conception externe de la chaussure conforme Garmont T8 Bifida pour offrir des performances multi-terrains.<\/p>\n<p>\u00c0 l&#8217;int\u00e9rieur, un pied de lit effil\u00e9 en nylon tiss\u00e9 offre une stabilit\u00e9 et une absorption des chocs exceptionnelles. Une assise plantaire ergonomique en nylon inject\u00e9 offre \u00e9galement une meilleure r\u00e9duction du stress sur vos chevilles et vos genoux en terrain difficile. Le syst\u00e8me d&#8217;assise plantaire de Garmont utilise une technologie innovante de r\u00e9tention du talon qui soutient l&#8217;ensemble de votre corps dans les paysages instables. Dans l&#8217;ensemble, la semelle int\u00e9rieure a \u00e9t\u00e9 con\u00e7ue sur mesure par Garmont pour assurer un ajustement et une sensation exceptionnels tout au long de l&#8217;usure. Pour s&#8217;assurer que ces bottes de classe mondiale peuvent \u00eatre port\u00e9es par des personnes qui servent dans l&#8217;arm\u00e9e des \u00c9tats-Unis, ces bottes sont autoris\u00e9es \u00e0 porter avec les uniformes OCP pour les membres de l&#8217;arm\u00e9e et de l&#8217;USAF, et les uniformes multicamuniformes pour les membres de l&#8217;arm\u00e9e.<\/p>\n<p>&nbsp;<\/p>\n<p><strong>Caract\u00e9ristiques<\/strong><\/p>\n<ul>\n<li>Tige en cuir cro\u00fbte de grain avec grille DD robuste r\u00e9sistante \u00e0 l&#8217;abrasion et permet aux pieds de respirer<\/li>\n<li>L&#8217;ouverture de la botte est faite avec un design \u00e0 balayage vers l&#8217;arri\u00e8re pour un ajustement parfait sans rembourrage suppl\u00e9mentaire<\/li>\n<li>Le roulement \u00e0 rouleaux et le mat\u00e9riel r\u00e9sistant au gr\u00e9ement sans crochet supportent les chevilles, les arches et les tibias inf\u00e9rieurs<\/li>\n<li>La semelle Vibram Bifida est robuste et stable pour des performances multi-terrains<\/li>\n<li>Le pied de lit conique tiss\u00e9 en nylon offre une stabilit\u00e9 et une absorption des chocs impressionnantes<\/li>\n<li>Assise plantaire ergonomique en nylon inject\u00e9 assurant une r\u00e9duction du stress sur vos chevilles et vos genoux<\/li>\n<li>Le syst\u00e8me de cuvette de la semelle utilise un syst\u00e8me unique de r\u00e9tention du talon qui soutient votre corps \u00e0 tout moment<\/li>\n<li>La semelle int\u00e9rieure est con\u00e7ue sur mesure pour assurer une sensation et un ajustement parfaits tout au long de l&#8217;utilisation<\/li>\n<li>Conforme AR670-1 pour l&#8217;usure de l&#8217;arm\u00e9e am\u00e9ricaine avec multicam et OCP<\/li>\n<li>AFI 36-2903; conforme pour l&#8217;usure de l&#8217;US Air Force avec OCP<\/li>\n<\/ul>\n","protected":false},"excerpt":{"rendered":"<p>Les bottes Garmont T8 Bifida sont con\u00e7ues pour offrir le meilleur en termes de durabilit\u00e9 et de confort tout au long d&#8217;une utilisation intensive en service. Construites avec une tige compos\u00e9e de cuir fendu et de mat\u00e9riaux de grille DD r\u00e9sistants, ces bottes sont con\u00e7ues pour \u00eatre r\u00e9sistantes \u00e0 l&#8217;abrasion tout en permettant \u00e0 vos [&hellip;]<\/p>\n","protected":false},"featured_media":2874,"template":"","meta":{"_acf_changed":false,"inline_featured_image":false},"product_brand":[],"product_cat":[331],"product_tag":[],"class_list":{"0":"post-4074","1":"product","2":"type-product","3":"status-publish","4":"has-post-thumbnail","6":"product_cat-tactical-equipment","8":"first","9":"instock","10":"taxable","11":"shipping-taxable","12":"purchasable","13":"product-type-variable","14":"wvs-archive-product-wrapper"},"acf":[],"yoast_head":"<!-- This site is optimized with the Yoast SEO plugin v27.3 - https:\/\/yoast.com\/product\/yoast-seo-wordpress\/ -->\n<title>Garmont T8 BIFIDA - Association du 12i\u00e8me R\u00e9giment blind\u00e9 du Canada<\/title>\n<meta name=\"robots\" content=\"index, follow, max-snippet:-1, max-image-preview:large, max-video-preview:-1\" \/>\n<link rel=\"canonical\" href=\"https:\/\/www.12rbc.ca\/en\/produit\/garmont-t8-bifida\/\" \/>\n<meta property=\"og:locale\" content=\"en_US\" \/>\n<meta property=\"og:type\" content=\"article\" \/>\n<meta property=\"og:title\" content=\"Garmont T8 BIFIDA - Association du 12i\u00e8me R\u00e9giment blind\u00e9 du Canada\" \/>\n<meta property=\"og:description\" content=\"Les bottes Garmont T8 Bifida sont con\u00e7ues pour offrir le meilleur en termes de durabilit\u00e9 et de confort tout au long d&#8217;une utilisation intensive en service. Construites avec une tige compos\u00e9e de cuir fendu et de mat\u00e9riaux de grille DD r\u00e9sistants, ces bottes sont con\u00e7ues pour \u00eatre r\u00e9sistantes \u00e0 l&#8217;abrasion tout en permettant \u00e0 vos [&hellip;]\" \/>\n<meta property=\"og:url\" content=\"https:\/\/www.12rbc.ca\/en\/produit\/garmont-t8-bifida\/\" \/>\n<meta property=\"og:site_name\" content=\"Association du 12i\u00e8me R\u00e9giment blind\u00e9 du Canada\" \/>\n<meta property=\"article:modified_time\" content=\"2021-04-09T17:32:35+00:00\" \/>\n<meta property=\"og:image\" content=\"https:\/\/www.12rbc.ca\/wp-content\/uploads\/2021\/01\/73A77A36-A323-4B7E-B5ED-FA3C96BBED03.jpeg\" \/>\n\t<meta property=\"og:image:width\" content=\"800\" \/>\n\t<meta property=\"og:image:height\" content=\"1024\" \/>\n\t<meta property=\"og:image:type\" content=\"image\/jpeg\" \/>\n<meta name=\"twitter:card\" content=\"summary_large_image\" \/>\n<meta name=\"twitter:label1\" content=\"Est. reading time\" \/>\n\t<meta name=\"twitter:data1\" content=\"2 minutes\" \/>\n<script type=\"application\/ld+json\" class=\"yoast-schema-graph\">{\"@context\":\"https:\\\/\\\/schema.org\",\"@graph\":[{\"@type\":\"WebPage\",\"@id\":\"https:\\\/\\\/www.12rbc.ca\\\/en\\\/produit\\\/garmont-t8-bifida\\\/\",\"url\":\"https:\\\/\\\/www.12rbc.ca\\\/en\\\/produit\\\/garmont-t8-bifida\\\/\",\"name\":\"Garmont T8 BIFIDA - Association du 12i\u00e8me R\u00e9giment blind\u00e9 du Canada\",\"isPartOf\":{\"@id\":\"https:\\\/\\\/www.12rbc.ca\\\/en\\\/#website\"},\"primaryImageOfPage\":{\"@id\":\"https:\\\/\\\/www.12rbc.ca\\\/en\\\/produit\\\/garmont-t8-bifida\\\/#primaryimage\"},\"image\":{\"@id\":\"https:\\\/\\\/www.12rbc.ca\\\/en\\\/produit\\\/garmont-t8-bifida\\\/#primaryimage\"},\"thumbnailUrl\":\"https:\\\/\\\/www.12rbc.ca\\\/wp-content\\\/uploads\\\/2021\\\/01\\\/73A77A36-A323-4B7E-B5ED-FA3C96BBED03.jpeg\",\"datePublished\":\"2021-01-31T14:54:17+00:00\",\"dateModified\":\"2021-04-09T17:32:35+00:00\",\"breadcrumb\":{\"@id\":\"https:\\\/\\\/www.12rbc.ca\\\/en\\\/produit\\\/garmont-t8-bifida\\\/#breadcrumb\"},\"inLanguage\":\"en-US\",\"potentialAction\":[{\"@type\":\"ReadAction\",\"target\":[\"https:\\\/\\\/www.12rbc.ca\\\/en\\\/produit\\\/garmont-t8-bifida\\\/\"]}]},{\"@type\":\"ImageObject\",\"inLanguage\":\"en-US\",\"@id\":\"https:\\\/\\\/www.12rbc.ca\\\/en\\\/produit\\\/garmont-t8-bifida\\\/#primaryimage\",\"url\":\"https:\\\/\\\/www.12rbc.ca\\\/wp-content\\\/uploads\\\/2021\\\/01\\\/73A77A36-A323-4B7E-B5ED-FA3C96BBED03.jpeg\",\"contentUrl\":\"https:\\\/\\\/www.12rbc.ca\\\/wp-content\\\/uploads\\\/2021\\\/01\\\/73A77A36-A323-4B7E-B5ED-FA3C96BBED03.jpeg\",\"width\":800,\"height\":1024},{\"@type\":\"BreadcrumbList\",\"@id\":\"https:\\\/\\\/www.12rbc.ca\\\/en\\\/produit\\\/garmont-t8-bifida\\\/#breadcrumb\",\"itemListElement\":[{\"@type\":\"ListItem\",\"position\":1,\"name\":\"Accueil\",\"item\":\"https:\\\/\\\/www.12rbc.ca\\\/en\\\/accueil\\\/\"},{\"@type\":\"ListItem\",\"position\":2,\"name\":\"Kit Shop\",\"item\":\"https:\\\/\\\/www.12rbc.ca\\\/en\\\/kit-shop\\\/\"},{\"@type\":\"ListItem\",\"position\":3,\"name\":\"Garmont T8 BIFIDA\"}]},{\"@type\":\"WebSite\",\"@id\":\"https:\\\/\\\/www.12rbc.ca\\\/en\\\/#website\",\"url\":\"https:\\\/\\\/www.12rbc.ca\\\/en\\\/\",\"name\":\"Association du 12i\u00e8me R\u00e9giment blind\u00e9 du Canada\",\"description\":\"\",\"potentialAction\":[{\"@type\":\"SearchAction\",\"target\":{\"@type\":\"EntryPoint\",\"urlTemplate\":\"https:\\\/\\\/www.12rbc.ca\\\/en\\\/?s={search_term_string}\"},\"query-input\":{\"@type\":\"PropertyValueSpecification\",\"valueRequired\":true,\"valueName\":\"search_term_string\"}}],\"inLanguage\":\"en-US\"}]}<\/script>\n<!-- \/ Yoast SEO plugin. -->","yoast_head_json":{"title":"Garmont T8 BIFIDA - Association du 12i\u00e8me R\u00e9giment blind\u00e9 du Canada","robots":{"index":"index","follow":"follow","max-snippet":"max-snippet:-1","max-image-preview":"max-image-preview:large","max-video-preview":"max-video-preview:-1"},"canonical":"https:\/\/www.12rbc.ca\/en\/produit\/garmont-t8-bifida\/","og_locale":"en_US","og_type":"article","og_title":"Garmont T8 BIFIDA - Association du 12i\u00e8me R\u00e9giment blind\u00e9 du Canada","og_description":"Les bottes Garmont T8 Bifida sont con\u00e7ues pour offrir le meilleur en termes de durabilit\u00e9 et de confort tout au long d&#8217;une utilisation intensive en service. Construites avec une tige compos\u00e9e de cuir fendu et de mat\u00e9riaux de grille DD r\u00e9sistants, ces bottes sont con\u00e7ues pour \u00eatre r\u00e9sistantes \u00e0 l&#8217;abrasion tout en permettant \u00e0 vos [&hellip;]","og_url":"https:\/\/www.12rbc.ca\/en\/produit\/garmont-t8-bifida\/","og_site_name":"Association du 12i\u00e8me R\u00e9giment blind\u00e9 du Canada","article_modified_time":"2021-04-09T17:32:35+00:00","og_image":[{"width":800,"height":1024,"url":"https:\/\/www.12rbc.ca\/wp-content\/uploads\/2021\/01\/73A77A36-A323-4B7E-B5ED-FA3C96BBED03.jpeg","type":"image\/jpeg"}],"twitter_card":"summary_large_image","twitter_misc":{"Est. reading time":"2 minutes"},"schema":{"@context":"https:\/\/schema.org","@graph":[{"@type":"WebPage","@id":"https:\/\/www.12rbc.ca\/en\/produit\/garmont-t8-bifida\/","url":"https:\/\/www.12rbc.ca\/en\/produit\/garmont-t8-bifida\/","name":"Garmont T8 BIFIDA - Association du 12i\u00e8me R\u00e9giment blind\u00e9 du Canada","isPartOf":{"@id":"https:\/\/www.12rbc.ca\/en\/#website"},"primaryImageOfPage":{"@id":"https:\/\/www.12rbc.ca\/en\/produit\/garmont-t8-bifida\/#primaryimage"},"image":{"@id":"https:\/\/www.12rbc.ca\/en\/produit\/garmont-t8-bifida\/#primaryimage"},"thumbnailUrl":"https:\/\/www.12rbc.ca\/wp-content\/uploads\/2021\/01\/73A77A36-A323-4B7E-B5ED-FA3C96BBED03.jpeg","datePublished":"2021-01-31T14:54:17+00:00","dateModified":"2021-04-09T17:32:35+00:00","breadcrumb":{"@id":"https:\/\/www.12rbc.ca\/en\/produit\/garmont-t8-bifida\/#breadcrumb"},"inLanguage":"en-US","potentialAction":[{"@type":"ReadAction","target":["https:\/\/www.12rbc.ca\/en\/produit\/garmont-t8-bifida\/"]}]},{"@type":"ImageObject","inLanguage":"en-US","@id":"https:\/\/www.12rbc.ca\/en\/produit\/garmont-t8-bifida\/#primaryimage","url":"https:\/\/www.12rbc.ca\/wp-content\/uploads\/2021\/01\/73A77A36-A323-4B7E-B5ED-FA3C96BBED03.jpeg","contentUrl":"https:\/\/www.12rbc.ca\/wp-content\/uploads\/2021\/01\/73A77A36-A323-4B7E-B5ED-FA3C96BBED03.jpeg","width":800,"height":1024},{"@type":"BreadcrumbList","@id":"https:\/\/www.12rbc.ca\/en\/produit\/garmont-t8-bifida\/#breadcrumb","itemListElement":[{"@type":"ListItem","position":1,"name":"Accueil","item":"https:\/\/www.12rbc.ca\/en\/accueil\/"},{"@type":"ListItem","position":2,"name":"Kit Shop","item":"https:\/\/www.12rbc.ca\/en\/kit-shop\/"},{"@type":"ListItem","position":3,"name":"Garmont T8 BIFIDA"}]},{"@type":"WebSite","@id":"https:\/\/www.12rbc.ca\/en\/#website","url":"https:\/\/www.12rbc.ca\/en\/","name":"Association du 12i\u00e8me R\u00e9giment blind\u00e9 du Canada","description":"","potentialAction":[{"@type":"SearchAction","target":{"@type":"EntryPoint","urlTemplate":"https:\/\/www.12rbc.ca\/en\/?s={search_term_string}"},"query-input":{"@type":"PropertyValueSpecification","valueRequired":true,"valueName":"search_term_string"}}],"inLanguage":"en-US"}]}},"jetpack_sharing_enabled":true,"_links":{"self":[{"href":"https:\/\/www.12rbc.ca\/en\/wp-json\/wp\/v2\/product\/4074","targetHints":{"allow":["GET"]}}],"collection":[{"href":"https:\/\/www.12rbc.ca\/en\/wp-json\/wp\/v2\/product"}],"about":[{"href":"https:\/\/www.12rbc.ca\/en\/wp-json\/wp\/v2\/types\/product"}],"wp:featuredmedia":[{"embeddable":true,"href":"https:\/\/www.12rbc.ca\/en\/wp-json\/wp\/v2\/media\/2874"}],"wp:attachment":[{"href":"https:\/\/www.12rbc.ca\/en\/wp-json\/wp\/v2\/media?parent=4074"}],"wp:term":[{"taxonomy":"product_brand","embeddable":true,"href":"https:\/\/www.12rbc.ca\/en\/wp-json\/wp\/v2\/product_brand?post=4074"},{"taxonomy":"product_cat","embeddable":true,"href":"https:\/\/www.12rbc.ca\/en\/wp-json\/wp\/v2\/product_cat?post=4074"},{"taxonomy":"product_tag","embeddable":true,"href":"https:\/\/www.12rbc.ca\/en\/wp-json\/wp\/v2\/product_tag?post=4074"}],"curies":[{"name":"wp","href":"https:\/\/api.w.org\/{rel}","templated":true}]}}