{"id":4046,"date":"2021-02-08T17:35:48","date_gmt":"2021-02-08T22:35:48","guid":{"rendered":"https:\/\/www.12rbc.ca\/produit\/masque-12-rbc\/"},"modified":"2021-11-23T07:28:22","modified_gmt":"2021-11-23T12:28:22","slug":"masque-12-rbc","status":"publish","type":"product","link":"https:\/\/www.12rbc.ca\/en\/produit\/masque-12-rbc\/","title":{"rendered":"Masque 12 rbc"},"content":{"rendered":"<p><strong>Description<\/strong><\/p>\n<p>&nbsp;<\/p>\n<p><strong>&#8211; 95% Coton \/ 5% Spandex<\/strong><\/p>\n<p><strong>&#8211; 3 Couches (2 couches + filtre en polyester non amovible)<\/strong><\/p>\n<p><strong>&#8211; Renfort en me\u0301tal pour le nez inte\u0301gre\u0301 \u2014 Re\u0301utilisable \/ Lavable<\/strong><\/p>\n<p><strong>&#8211; Cordons e\u0301lastiques ajustables avec serrures et bloqueurs<\/strong><\/p>\n","protected":false},"excerpt":{"rendered":"<p>Description &nbsp; &#8211; 95% Coton \/ 5% Spandex &#8211; 3 Couches (2 couches + filtre en polyester non amovible) &#8211; Renfort en me\u0301tal pour le nez inte\u0301gre\u0301 \u2014 Re\u0301utilisable \/ Lavable &#8211; Cordons e\u0301lastiques ajustables avec serrures et bloqueurs<\/p>\n","protected":false},"featured_media":3117,"template":"","meta":{"_acf_changed":false,"inline_featured_image":false},"product_brand":[],"product_cat":[288],"product_tag":[],"class_list":{"0":"post-4046","1":"product","2":"type-product","3":"status-publish","4":"has-post-thumbnail","6":"product_cat-items-12rbc-en","8":"first","9":"outofstock","10":"taxable","11":"shipping-taxable","12":"purchasable","13":"product-type-simple"},"acf":[],"yoast_head":"<!-- This site is optimized with the Yoast SEO plugin v27.5 - https:\/\/yoast.com\/product\/yoast-seo-wordpress\/ -->\n<title>Masque 12 rbc - Association du 12i\u00e8me R\u00e9giment blind\u00e9 du Canada<\/title>\n<meta name=\"robots\" content=\"index, follow, max-snippet:-1, max-image-preview:large, max-video-preview:-1\" \/>\n<link rel=\"canonical\" href=\"https:\/\/www.12rbc.ca\/en\/produit\/masque-12-rbc\/\" \/>\n<meta property=\"og:locale\" content=\"en_US\" \/>\n<meta property=\"og:type\" content=\"article\" \/>\n<meta property=\"og:title\" content=\"Masque 12 rbc - Association du 12i\u00e8me R\u00e9giment blind\u00e9 du Canada\" \/>\n<meta property=\"og:description\" content=\"Description &nbsp; &#8211; 95% Coton \/ 5% Spandex &#8211; 3 Couches (2 couches + filtre en polyester non amovible) &#8211; Renfort en me\u0301tal pour le nez inte\u0301gre\u0301 \u2014 Re\u0301utilisable \/ Lavable &#8211; Cordons e\u0301lastiques ajustables avec serrures et bloqueurs\" \/>\n<meta property=\"og:url\" content=\"https:\/\/www.12rbc.ca\/en\/produit\/masque-12-rbc\/\" \/>\n<meta property=\"og:site_name\" content=\"Association du 12i\u00e8me R\u00e9giment blind\u00e9 du Canada\" \/>\n<meta property=\"article:modified_time\" content=\"2021-11-23T12:28:22+00:00\" \/>\n<meta property=\"og:image\" content=\"https:\/\/www.12rbc.ca\/wp-content\/uploads\/2021\/02\/img_2774-2.jpeg\" \/>\n\t<meta property=\"og:image:width\" content=\"1316\" \/>\n\t<meta property=\"og:image:height\" content=\"925\" \/>\n\t<meta property=\"og:image:type\" content=\"image\/jpeg\" \/>\n<meta name=\"twitter:card\" content=\"summary_large_image\" \/>\n<script type=\"application\/ld+json\" class=\"yoast-schema-graph\">{\"@context\":\"https:\\\/\\\/schema.org\",\"@graph\":[{\"@type\":\"WebPage\",\"@id\":\"https:\\\/\\\/www.12rbc.ca\\\/en\\\/produit\\\/masque-12-rbc\\\/\",\"url\":\"https:\\\/\\\/www.12rbc.ca\\\/en\\\/produit\\\/masque-12-rbc\\\/\",\"name\":\"Masque 12 rbc - Association du 12i\u00e8me R\u00e9giment blind\u00e9 du Canada\",\"isPartOf\":{\"@id\":\"https:\\\/\\\/www.12rbc.ca\\\/en\\\/#website\"},\"primaryImageOfPage\":{\"@id\":\"https:\\\/\\\/www.12rbc.ca\\\/en\\\/produit\\\/masque-12-rbc\\\/#primaryimage\"},\"image\":{\"@id\":\"https:\\\/\\\/www.12rbc.ca\\\/en\\\/produit\\\/masque-12-rbc\\\/#primaryimage\"},\"thumbnailUrl\":\"https:\\\/\\\/www.12rbc.ca\\\/wp-content\\\/uploads\\\/2021\\\/02\\\/img_2774-2.jpeg\",\"datePublished\":\"2021-02-08T22:35:48+00:00\",\"dateModified\":\"2021-11-23T12:28:22+00:00\",\"breadcrumb\":{\"@id\":\"https:\\\/\\\/www.12rbc.ca\\\/en\\\/produit\\\/masque-12-rbc\\\/#breadcrumb\"},\"inLanguage\":\"en-US\",\"potentialAction\":[{\"@type\":\"ReadAction\",\"target\":[\"https:\\\/\\\/www.12rbc.ca\\\/en\\\/produit\\\/masque-12-rbc\\\/\"]}]},{\"@type\":\"ImageObject\",\"inLanguage\":\"en-US\",\"@id\":\"https:\\\/\\\/www.12rbc.ca\\\/en\\\/produit\\\/masque-12-rbc\\\/#primaryimage\",\"url\":\"https:\\\/\\\/www.12rbc.ca\\\/wp-content\\\/uploads\\\/2021\\\/02\\\/img_2774-2.jpeg\",\"contentUrl\":\"https:\\\/\\\/www.12rbc.ca\\\/wp-content\\\/uploads\\\/2021\\\/02\\\/img_2774-2.jpeg\",\"width\":1316,\"height\":925},{\"@type\":\"BreadcrumbList\",\"@id\":\"https:\\\/\\\/www.12rbc.ca\\\/en\\\/produit\\\/masque-12-rbc\\\/#breadcrumb\",\"itemListElement\":[{\"@type\":\"ListItem\",\"position\":1,\"name\":\"Accueil\",\"item\":\"https:\\\/\\\/www.12rbc.ca\\\/en\\\/accueil\\\/\"},{\"@type\":\"ListItem\",\"position\":2,\"name\":\"Kit Shop\",\"item\":\"https:\\\/\\\/www.12rbc.ca\\\/en\\\/kit-shop\\\/\"},{\"@type\":\"ListItem\",\"position\":3,\"name\":\"Masque 12 rbc\"}]},{\"@type\":\"WebSite\",\"@id\":\"https:\\\/\\\/www.12rbc.ca\\\/en\\\/#website\",\"url\":\"https:\\\/\\\/www.12rbc.ca\\\/en\\\/\",\"name\":\"Association du 12i\u00e8me R\u00e9giment blind\u00e9 du Canada\",\"description\":\"\",\"potentialAction\":[{\"@type\":\"SearchAction\",\"target\":{\"@type\":\"EntryPoint\",\"urlTemplate\":\"https:\\\/\\\/www.12rbc.ca\\\/en\\\/?s={search_term_string}\"},\"query-input\":{\"@type\":\"PropertyValueSpecification\",\"valueRequired\":true,\"valueName\":\"search_term_string\"}}],\"inLanguage\":\"en-US\"}]}<\/script>\n<!-- \/ Yoast SEO plugin. -->","yoast_head_json":{"title":"Masque 12 rbc - Association du 12i\u00e8me R\u00e9giment blind\u00e9 du Canada","robots":{"index":"index","follow":"follow","max-snippet":"max-snippet:-1","max-image-preview":"max-image-preview:large","max-video-preview":"max-video-preview:-1"},"canonical":"https:\/\/www.12rbc.ca\/en\/produit\/masque-12-rbc\/","og_locale":"en_US","og_type":"article","og_title":"Masque 12 rbc - Association du 12i\u00e8me R\u00e9giment blind\u00e9 du Canada","og_description":"Description &nbsp; &#8211; 95% Coton \/ 5% Spandex &#8211; 3 Couches (2 couches + filtre en polyester non amovible) &#8211; Renfort en me\u0301tal pour le nez inte\u0301gre\u0301 \u2014 Re\u0301utilisable \/ Lavable &#8211; Cordons e\u0301lastiques ajustables avec serrures et bloqueurs","og_url":"https:\/\/www.12rbc.ca\/en\/produit\/masque-12-rbc\/","og_site_name":"Association du 12i\u00e8me R\u00e9giment blind\u00e9 du Canada","article_modified_time":"2021-11-23T12:28:22+00:00","og_image":[{"width":1316,"height":925,"url":"https:\/\/www.12rbc.ca\/wp-content\/uploads\/2021\/02\/img_2774-2.jpeg","type":"image\/jpeg"}],"twitter_card":"summary_large_image","schema":{"@context":"https:\/\/schema.org","@graph":[{"@type":"WebPage","@id":"https:\/\/www.12rbc.ca\/en\/produit\/masque-12-rbc\/","url":"https:\/\/www.12rbc.ca\/en\/produit\/masque-12-rbc\/","name":"Masque 12 rbc - Association du 12i\u00e8me R\u00e9giment blind\u00e9 du Canada","isPartOf":{"@id":"https:\/\/www.12rbc.ca\/en\/#website"},"primaryImageOfPage":{"@id":"https:\/\/www.12rbc.ca\/en\/produit\/masque-12-rbc\/#primaryimage"},"image":{"@id":"https:\/\/www.12rbc.ca\/en\/produit\/masque-12-rbc\/#primaryimage"},"thumbnailUrl":"https:\/\/www.12rbc.ca\/wp-content\/uploads\/2021\/02\/img_2774-2.jpeg","datePublished":"2021-02-08T22:35:48+00:00","dateModified":"2021-11-23T12:28:22+00:00","breadcrumb":{"@id":"https:\/\/www.12rbc.ca\/en\/produit\/masque-12-rbc\/#breadcrumb"},"inLanguage":"en-US","potentialAction":[{"@type":"ReadAction","target":["https:\/\/www.12rbc.ca\/en\/produit\/masque-12-rbc\/"]}]},{"@type":"ImageObject","inLanguage":"en-US","@id":"https:\/\/www.12rbc.ca\/en\/produit\/masque-12-rbc\/#primaryimage","url":"https:\/\/www.12rbc.ca\/wp-content\/uploads\/2021\/02\/img_2774-2.jpeg","contentUrl":"https:\/\/www.12rbc.ca\/wp-content\/uploads\/2021\/02\/img_2774-2.jpeg","width":1316,"height":925},{"@type":"BreadcrumbList","@id":"https:\/\/www.12rbc.ca\/en\/produit\/masque-12-rbc\/#breadcrumb","itemListElement":[{"@type":"ListItem","position":1,"name":"Accueil","item":"https:\/\/www.12rbc.ca\/en\/accueil\/"},{"@type":"ListItem","position":2,"name":"Kit Shop","item":"https:\/\/www.12rbc.ca\/en\/kit-shop\/"},{"@type":"ListItem","position":3,"name":"Masque 12 rbc"}]},{"@type":"WebSite","@id":"https:\/\/www.12rbc.ca\/en\/#website","url":"https:\/\/www.12rbc.ca\/en\/","name":"Association du 12i\u00e8me R\u00e9giment blind\u00e9 du Canada","description":"","potentialAction":[{"@type":"SearchAction","target":{"@type":"EntryPoint","urlTemplate":"https:\/\/www.12rbc.ca\/en\/?s={search_term_string}"},"query-input":{"@type":"PropertyValueSpecification","valueRequired":true,"valueName":"search_term_string"}}],"inLanguage":"en-US"}]}},"jetpack_sharing_enabled":true,"_links":{"self":[{"href":"https:\/\/www.12rbc.ca\/en\/wp-json\/wp\/v2\/product\/4046","targetHints":{"allow":["GET"]}}],"collection":[{"href":"https:\/\/www.12rbc.ca\/en\/wp-json\/wp\/v2\/product"}],"about":[{"href":"https:\/\/www.12rbc.ca\/en\/wp-json\/wp\/v2\/types\/product"}],"wp:featuredmedia":[{"embeddable":true,"href":"https:\/\/www.12rbc.ca\/en\/wp-json\/wp\/v2\/media\/3117"}],"wp:attachment":[{"href":"https:\/\/www.12rbc.ca\/en\/wp-json\/wp\/v2\/media?parent=4046"}],"wp:term":[{"taxonomy":"product_brand","embeddable":true,"href":"https:\/\/www.12rbc.ca\/en\/wp-json\/wp\/v2\/product_brand?post=4046"},{"taxonomy":"product_cat","embeddable":true,"href":"https:\/\/www.12rbc.ca\/en\/wp-json\/wp\/v2\/product_cat?post=4046"},{"taxonomy":"product_tag","embeddable":true,"href":"https:\/\/www.12rbc.ca\/en\/wp-json\/wp\/v2\/product_tag?post=4046"}],"curies":[{"name":"wp","href":"https:\/\/api.w.org\/{rel}","templated":true}]}}