{"id":4043,"date":"2021-02-08T18:23:20","date_gmt":"2021-02-08T23:23:20","guid":{"rendered":"https:\/\/www.12rbc.ca\/produit\/shemagh-desert-scarf\/"},"modified":"2023-03-28T12:02:32","modified_gmt":"2023-03-28T16:02:32","slug":"shemagh-desert-scarf","status":"publish","type":"product","link":"https:\/\/www.12rbc.ca\/en\/produit\/shemagh-desert-scarf\/","title":{"rendered":"SHEMAGH DESERT SCARF"},"content":{"rendered":"<p>Description fran\u00e7aise \u00e0 venir<\/p>\n<div class=\"tab-item-detail\">\n<div>\n<p>Rothco&#8217;s Desert Shemaghs are traditional desert head-wear that are designed to protect the head and neck from sun and sand. Rothco&#8217;s tactical scarves are worn by military personnel worldwide and also as a fashion accessory. Rothco&#8217;s shemaghs come in a wide variety of colors from Olive Drab to Pink. Also, be sure to check out our deluxe and patterned Shemaghs. The military scarf also makes for a great survival tool and is an easy add to your bug out bag.<\/p>\n<\/div>\n<ul class=\"even\">\n<li>100% Cotton<\/li>\n<li>42&#8243; x 42&#8243;<\/li>\n<\/ul>\n<\/div>\n","protected":false},"excerpt":{"rendered":"<p>Description fran\u00e7aise \u00e0 venir Rothco&#8217;s Desert Shemaghs are traditional desert head-wear that are designed to protect the head and neck from sun and sand. Rothco&#8217;s tactical scarves are worn by military personnel worldwide and also as a fashion accessory. Rothco&#8217;s shemaghs come in a wide variety of colors from Olive Drab to Pink. Also, be [&hellip;]<\/p>\n","protected":false},"featured_media":3128,"template":"","meta":{"_acf_changed":false,"inline_featured_image":false},"product_brand":[],"product_cat":[331],"product_tag":[],"class_list":{"0":"post-4043","1":"product","2":"type-product","3":"status-publish","4":"has-post-thumbnail","6":"product_cat-tactical-equipment","8":"first","9":"outofstock","10":"taxable","11":"shipping-taxable","12":"purchasable","13":"product-type-variable","14":"wvs-archive-product-wrapper"},"acf":[],"yoast_head":"<!-- This site is optimized with the Yoast SEO plugin v27.5 - https:\/\/yoast.com\/product\/yoast-seo-wordpress\/ -->\n<title>SHEMAGH DESERT SCARF - Association du 12i\u00e8me R\u00e9giment blind\u00e9 du Canada<\/title>\n<meta name=\"robots\" content=\"index, follow, max-snippet:-1, max-image-preview:large, max-video-preview:-1\" \/>\n<link rel=\"canonical\" href=\"https:\/\/www.12rbc.ca\/en\/produit\/shemagh-desert-scarf\/\" \/>\n<meta property=\"og:locale\" content=\"en_US\" \/>\n<meta property=\"og:type\" content=\"article\" \/>\n<meta property=\"og:title\" content=\"SHEMAGH DESERT SCARF - Association du 12i\u00e8me R\u00e9giment blind\u00e9 du Canada\" \/>\n<meta property=\"og:description\" content=\"Description fran\u00e7aise \u00e0 venir Rothco&#8217;s Desert Shemaghs are traditional desert head-wear that are designed to protect the head and neck from sun and sand. Rothco&#8217;s tactical scarves are worn by military personnel worldwide and also as a fashion accessory. Rothco&#8217;s shemaghs come in a wide variety of colors from Olive Drab to Pink. Also, be [&hellip;]\" \/>\n<meta property=\"og:url\" content=\"https:\/\/www.12rbc.ca\/en\/produit\/shemagh-desert-scarf\/\" \/>\n<meta property=\"og:site_name\" content=\"Association du 12i\u00e8me R\u00e9giment blind\u00e9 du Canada\" \/>\n<meta property=\"article:modified_time\" content=\"2023-03-28T16:02:32+00:00\" \/>\n<meta property=\"og:image\" content=\"https:\/\/www.12rbc.ca\/wp-content\/uploads\/2021\/02\/BC02F048-BE8E-428A-916F-CA394449C3F0.jpeg\" \/>\n\t<meta property=\"og:image:width\" content=\"1012\" \/>\n\t<meta property=\"og:image:height\" content=\"882\" \/>\n\t<meta property=\"og:image:type\" content=\"image\/jpeg\" \/>\n<meta name=\"twitter:card\" content=\"summary_large_image\" \/>\n<meta name=\"twitter:label1\" content=\"Est. reading time\" \/>\n\t<meta name=\"twitter:data1\" content=\"1 minute\" \/>\n<script type=\"application\/ld+json\" class=\"yoast-schema-graph\">{\"@context\":\"https:\\\/\\\/schema.org\",\"@graph\":[{\"@type\":\"WebPage\",\"@id\":\"https:\\\/\\\/www.12rbc.ca\\\/en\\\/produit\\\/shemagh-desert-scarf\\\/\",\"url\":\"https:\\\/\\\/www.12rbc.ca\\\/en\\\/produit\\\/shemagh-desert-scarf\\\/\",\"name\":\"SHEMAGH DESERT SCARF - Association du 12i\u00e8me R\u00e9giment blind\u00e9 du Canada\",\"isPartOf\":{\"@id\":\"https:\\\/\\\/www.12rbc.ca\\\/en\\\/#website\"},\"primaryImageOfPage\":{\"@id\":\"https:\\\/\\\/www.12rbc.ca\\\/en\\\/produit\\\/shemagh-desert-scarf\\\/#primaryimage\"},\"image\":{\"@id\":\"https:\\\/\\\/www.12rbc.ca\\\/en\\\/produit\\\/shemagh-desert-scarf\\\/#primaryimage\"},\"thumbnailUrl\":\"https:\\\/\\\/www.12rbc.ca\\\/wp-content\\\/uploads\\\/2021\\\/02\\\/BC02F048-BE8E-428A-916F-CA394449C3F0.jpeg\",\"datePublished\":\"2021-02-08T23:23:20+00:00\",\"dateModified\":\"2023-03-28T16:02:32+00:00\",\"breadcrumb\":{\"@id\":\"https:\\\/\\\/www.12rbc.ca\\\/en\\\/produit\\\/shemagh-desert-scarf\\\/#breadcrumb\"},\"inLanguage\":\"en-US\",\"potentialAction\":[{\"@type\":\"ReadAction\",\"target\":[\"https:\\\/\\\/www.12rbc.ca\\\/en\\\/produit\\\/shemagh-desert-scarf\\\/\"]}]},{\"@type\":\"ImageObject\",\"inLanguage\":\"en-US\",\"@id\":\"https:\\\/\\\/www.12rbc.ca\\\/en\\\/produit\\\/shemagh-desert-scarf\\\/#primaryimage\",\"url\":\"https:\\\/\\\/www.12rbc.ca\\\/wp-content\\\/uploads\\\/2021\\\/02\\\/BC02F048-BE8E-428A-916F-CA394449C3F0.jpeg\",\"contentUrl\":\"https:\\\/\\\/www.12rbc.ca\\\/wp-content\\\/uploads\\\/2021\\\/02\\\/BC02F048-BE8E-428A-916F-CA394449C3F0.jpeg\",\"width\":1012,\"height\":882},{\"@type\":\"BreadcrumbList\",\"@id\":\"https:\\\/\\\/www.12rbc.ca\\\/en\\\/produit\\\/shemagh-desert-scarf\\\/#breadcrumb\",\"itemListElement\":[{\"@type\":\"ListItem\",\"position\":1,\"name\":\"Accueil\",\"item\":\"https:\\\/\\\/www.12rbc.ca\\\/en\\\/accueil\\\/\"},{\"@type\":\"ListItem\",\"position\":2,\"name\":\"Kit Shop\",\"item\":\"https:\\\/\\\/www.12rbc.ca\\\/en\\\/kit-shop\\\/\"},{\"@type\":\"ListItem\",\"position\":3,\"name\":\"SHEMAGH DESERT SCARF\"}]},{\"@type\":\"WebSite\",\"@id\":\"https:\\\/\\\/www.12rbc.ca\\\/en\\\/#website\",\"url\":\"https:\\\/\\\/www.12rbc.ca\\\/en\\\/\",\"name\":\"Association du 12i\u00e8me R\u00e9giment blind\u00e9 du Canada\",\"description\":\"\",\"potentialAction\":[{\"@type\":\"SearchAction\",\"target\":{\"@type\":\"EntryPoint\",\"urlTemplate\":\"https:\\\/\\\/www.12rbc.ca\\\/en\\\/?s={search_term_string}\"},\"query-input\":{\"@type\":\"PropertyValueSpecification\",\"valueRequired\":true,\"valueName\":\"search_term_string\"}}],\"inLanguage\":\"en-US\"}]}<\/script>\n<!-- \/ Yoast SEO plugin. -->","yoast_head_json":{"title":"SHEMAGH DESERT SCARF - Association du 12i\u00e8me R\u00e9giment blind\u00e9 du Canada","robots":{"index":"index","follow":"follow","max-snippet":"max-snippet:-1","max-image-preview":"max-image-preview:large","max-video-preview":"max-video-preview:-1"},"canonical":"https:\/\/www.12rbc.ca\/en\/produit\/shemagh-desert-scarf\/","og_locale":"en_US","og_type":"article","og_title":"SHEMAGH DESERT SCARF - Association du 12i\u00e8me R\u00e9giment blind\u00e9 du Canada","og_description":"Description fran\u00e7aise \u00e0 venir Rothco&#8217;s Desert Shemaghs are traditional desert head-wear that are designed to protect the head and neck from sun and sand. Rothco&#8217;s tactical scarves are worn by military personnel worldwide and also as a fashion accessory. Rothco&#8217;s shemaghs come in a wide variety of colors from Olive Drab to Pink. Also, be [&hellip;]","og_url":"https:\/\/www.12rbc.ca\/en\/produit\/shemagh-desert-scarf\/","og_site_name":"Association du 12i\u00e8me R\u00e9giment blind\u00e9 du Canada","article_modified_time":"2023-03-28T16:02:32+00:00","og_image":[{"width":1012,"height":882,"url":"https:\/\/www.12rbc.ca\/wp-content\/uploads\/2021\/02\/BC02F048-BE8E-428A-916F-CA394449C3F0.jpeg","type":"image\/jpeg"}],"twitter_card":"summary_large_image","twitter_misc":{"Est. reading time":"1 minute"},"schema":{"@context":"https:\/\/schema.org","@graph":[{"@type":"WebPage","@id":"https:\/\/www.12rbc.ca\/en\/produit\/shemagh-desert-scarf\/","url":"https:\/\/www.12rbc.ca\/en\/produit\/shemagh-desert-scarf\/","name":"SHEMAGH DESERT SCARF - Association du 12i\u00e8me R\u00e9giment blind\u00e9 du Canada","isPartOf":{"@id":"https:\/\/www.12rbc.ca\/en\/#website"},"primaryImageOfPage":{"@id":"https:\/\/www.12rbc.ca\/en\/produit\/shemagh-desert-scarf\/#primaryimage"},"image":{"@id":"https:\/\/www.12rbc.ca\/en\/produit\/shemagh-desert-scarf\/#primaryimage"},"thumbnailUrl":"https:\/\/www.12rbc.ca\/wp-content\/uploads\/2021\/02\/BC02F048-BE8E-428A-916F-CA394449C3F0.jpeg","datePublished":"2021-02-08T23:23:20+00:00","dateModified":"2023-03-28T16:02:32+00:00","breadcrumb":{"@id":"https:\/\/www.12rbc.ca\/en\/produit\/shemagh-desert-scarf\/#breadcrumb"},"inLanguage":"en-US","potentialAction":[{"@type":"ReadAction","target":["https:\/\/www.12rbc.ca\/en\/produit\/shemagh-desert-scarf\/"]}]},{"@type":"ImageObject","inLanguage":"en-US","@id":"https:\/\/www.12rbc.ca\/en\/produit\/shemagh-desert-scarf\/#primaryimage","url":"https:\/\/www.12rbc.ca\/wp-content\/uploads\/2021\/02\/BC02F048-BE8E-428A-916F-CA394449C3F0.jpeg","contentUrl":"https:\/\/www.12rbc.ca\/wp-content\/uploads\/2021\/02\/BC02F048-BE8E-428A-916F-CA394449C3F0.jpeg","width":1012,"height":882},{"@type":"BreadcrumbList","@id":"https:\/\/www.12rbc.ca\/en\/produit\/shemagh-desert-scarf\/#breadcrumb","itemListElement":[{"@type":"ListItem","position":1,"name":"Accueil","item":"https:\/\/www.12rbc.ca\/en\/accueil\/"},{"@type":"ListItem","position":2,"name":"Kit Shop","item":"https:\/\/www.12rbc.ca\/en\/kit-shop\/"},{"@type":"ListItem","position":3,"name":"SHEMAGH DESERT SCARF"}]},{"@type":"WebSite","@id":"https:\/\/www.12rbc.ca\/en\/#website","url":"https:\/\/www.12rbc.ca\/en\/","name":"Association du 12i\u00e8me R\u00e9giment blind\u00e9 du Canada","description":"","potentialAction":[{"@type":"SearchAction","target":{"@type":"EntryPoint","urlTemplate":"https:\/\/www.12rbc.ca\/en\/?s={search_term_string}"},"query-input":{"@type":"PropertyValueSpecification","valueRequired":true,"valueName":"search_term_string"}}],"inLanguage":"en-US"}]}},"jetpack_sharing_enabled":true,"_links":{"self":[{"href":"https:\/\/www.12rbc.ca\/en\/wp-json\/wp\/v2\/product\/4043","targetHints":{"allow":["GET"]}}],"collection":[{"href":"https:\/\/www.12rbc.ca\/en\/wp-json\/wp\/v2\/product"}],"about":[{"href":"https:\/\/www.12rbc.ca\/en\/wp-json\/wp\/v2\/types\/product"}],"wp:featuredmedia":[{"embeddable":true,"href":"https:\/\/www.12rbc.ca\/en\/wp-json\/wp\/v2\/media\/3128"}],"wp:attachment":[{"href":"https:\/\/www.12rbc.ca\/en\/wp-json\/wp\/v2\/media?parent=4043"}],"wp:term":[{"taxonomy":"product_brand","embeddable":true,"href":"https:\/\/www.12rbc.ca\/en\/wp-json\/wp\/v2\/product_brand?post=4043"},{"taxonomy":"product_cat","embeddable":true,"href":"https:\/\/www.12rbc.ca\/en\/wp-json\/wp\/v2\/product_cat?post=4043"},{"taxonomy":"product_tag","embeddable":true,"href":"https:\/\/www.12rbc.ca\/en\/wp-json\/wp\/v2\/product_tag?post=4043"}],"curies":[{"name":"wp","href":"https:\/\/api.w.org\/{rel}","templated":true}]}}