{"id":4039,"date":"2021-02-15T18:52:18","date_gmt":"2021-02-15T23:52:18","guid":{"rendered":"https:\/\/www.12rbc.ca\/produit\/cadre-canada-rouge\/"},"modified":"2024-01-09T13:29:50","modified_gmt":"2024-01-09T18:29:50","slug":"cadre-canada-rouge","status":"publish","type":"product","link":"https:\/\/www.12rbc.ca\/en\/produit\/cadre-canada-rouge\/","title":{"rendered":"Cadre Canada rouge"},"content":{"rendered":"<p>***Produit Qu\u00e9b\u00e9cois ***<\/p>\n<p>Cadre mural pour exposition de coin en bois de grange style rustique. Chaque cadre est un produit unique cr\u00e9\u00e9 par des artisans d\u2019ici. Nous avons plusieurs variantes de couleur de fond disponibles pour tous les logos.<\/p>\n<p>Dimension approximatif\u00a0 : 30\u00a0\u00bb long x 20\u00a0\u00bb large<\/p>\n<p>Vous avez une demande sp\u00e9ciale concernant un projet de ce style ? Pas de probl\u00e8me, nous contacter 418 844-5000 poste 7119.<\/p>\n","protected":false},"excerpt":{"rendered":"<p>***Produit Qu\u00e9b\u00e9cois *** Cadre mural pour exposition de coin en bois de grange style rustique. Chaque cadre est un produit unique cr\u00e9\u00e9 par des artisans d\u2019ici. Nous avons plusieurs variantes de couleur de fond disponibles pour tous les logos. Dimension approximatif\u00a0 : 30\u00a0\u00bb long x 20\u00a0\u00bb large Vous avez une demande sp\u00e9ciale concernant un projet [&hellip;]<\/p>\n","protected":false},"featured_media":3211,"template":"","meta":{"_acf_changed":false,"inline_featured_image":false},"product_brand":[],"product_cat":[340],"product_tag":[],"class_list":{"0":"post-4039","1":"product","2":"type-product","3":"status-publish","4":"has-post-thumbnail","6":"product_cat-carpentry-craftsmen","8":"first","9":"instock","10":"taxable","11":"shipping-taxable","12":"purchasable","13":"product-type-simple"},"acf":[],"yoast_head":"<!-- This site is optimized with the Yoast SEO plugin v27.4 - https:\/\/yoast.com\/product\/yoast-seo-wordpress\/ -->\n<title>Cadre Canada rouge - Association du 12i\u00e8me R\u00e9giment blind\u00e9 du Canada<\/title>\n<meta name=\"robots\" content=\"index, follow, max-snippet:-1, max-image-preview:large, max-video-preview:-1\" \/>\n<link rel=\"canonical\" href=\"https:\/\/www.12rbc.ca\/en\/produit\/cadre-canada-rouge\/\" \/>\n<meta property=\"og:locale\" content=\"en_US\" \/>\n<meta property=\"og:type\" content=\"article\" \/>\n<meta property=\"og:title\" content=\"Cadre Canada rouge - Association du 12i\u00e8me R\u00e9giment blind\u00e9 du Canada\" \/>\n<meta property=\"og:description\" content=\"***Produit Qu\u00e9b\u00e9cois *** Cadre mural pour exposition de coin en bois de grange style rustique. Chaque cadre est un produit unique cr\u00e9\u00e9 par des artisans d\u2019ici. Nous avons plusieurs variantes de couleur de fond disponibles pour tous les logos. Dimension approximatif\u00a0 : 30\u00a0\u00bb long x 20\u00a0\u00bb large Vous avez une demande sp\u00e9ciale concernant un projet [&hellip;]\" \/>\n<meta property=\"og:url\" content=\"https:\/\/www.12rbc.ca\/en\/produit\/cadre-canada-rouge\/\" \/>\n<meta property=\"og:site_name\" content=\"Association du 12i\u00e8me R\u00e9giment blind\u00e9 du Canada\" \/>\n<meta property=\"article:modified_time\" content=\"2024-01-09T18:29:50+00:00\" \/>\n<meta property=\"og:image\" content=\"https:\/\/www.12rbc.ca\/wp-content\/uploads\/2021\/02\/img_2825.jpeg\" \/>\n\t<meta property=\"og:image:width\" content=\"466\" \/>\n\t<meta property=\"og:image:height\" content=\"352\" \/>\n\t<meta property=\"og:image:type\" content=\"image\/jpeg\" \/>\n<meta name=\"twitter:card\" content=\"summary_large_image\" \/>\n<script type=\"application\/ld+json\" class=\"yoast-schema-graph\">{\"@context\":\"https:\\\/\\\/schema.org\",\"@graph\":[{\"@type\":\"WebPage\",\"@id\":\"https:\\\/\\\/www.12rbc.ca\\\/en\\\/produit\\\/cadre-canada-rouge\\\/\",\"url\":\"https:\\\/\\\/www.12rbc.ca\\\/en\\\/produit\\\/cadre-canada-rouge\\\/\",\"name\":\"Cadre Canada rouge - Association du 12i\u00e8me R\u00e9giment blind\u00e9 du Canada\",\"isPartOf\":{\"@id\":\"https:\\\/\\\/www.12rbc.ca\\\/en\\\/#website\"},\"primaryImageOfPage\":{\"@id\":\"https:\\\/\\\/www.12rbc.ca\\\/en\\\/produit\\\/cadre-canada-rouge\\\/#primaryimage\"},\"image\":{\"@id\":\"https:\\\/\\\/www.12rbc.ca\\\/en\\\/produit\\\/cadre-canada-rouge\\\/#primaryimage\"},\"thumbnailUrl\":\"https:\\\/\\\/www.12rbc.ca\\\/wp-content\\\/uploads\\\/2021\\\/02\\\/img_2825.jpeg\",\"datePublished\":\"2021-02-15T23:52:18+00:00\",\"dateModified\":\"2024-01-09T18:29:50+00:00\",\"breadcrumb\":{\"@id\":\"https:\\\/\\\/www.12rbc.ca\\\/en\\\/produit\\\/cadre-canada-rouge\\\/#breadcrumb\"},\"inLanguage\":\"en-US\",\"potentialAction\":[{\"@type\":\"ReadAction\",\"target\":[\"https:\\\/\\\/www.12rbc.ca\\\/en\\\/produit\\\/cadre-canada-rouge\\\/\"]}]},{\"@type\":\"ImageObject\",\"inLanguage\":\"en-US\",\"@id\":\"https:\\\/\\\/www.12rbc.ca\\\/en\\\/produit\\\/cadre-canada-rouge\\\/#primaryimage\",\"url\":\"https:\\\/\\\/www.12rbc.ca\\\/wp-content\\\/uploads\\\/2021\\\/02\\\/img_2825.jpeg\",\"contentUrl\":\"https:\\\/\\\/www.12rbc.ca\\\/wp-content\\\/uploads\\\/2021\\\/02\\\/img_2825.jpeg\",\"width\":466,\"height\":352},{\"@type\":\"BreadcrumbList\",\"@id\":\"https:\\\/\\\/www.12rbc.ca\\\/en\\\/produit\\\/cadre-canada-rouge\\\/#breadcrumb\",\"itemListElement\":[{\"@type\":\"ListItem\",\"position\":1,\"name\":\"Accueil\",\"item\":\"https:\\\/\\\/www.12rbc.ca\\\/en\\\/accueil\\\/\"},{\"@type\":\"ListItem\",\"position\":2,\"name\":\"Kit Shop\",\"item\":\"https:\\\/\\\/www.12rbc.ca\\\/en\\\/kit-shop\\\/\"},{\"@type\":\"ListItem\",\"position\":3,\"name\":\"Cadre Canada rouge\"}]},{\"@type\":\"WebSite\",\"@id\":\"https:\\\/\\\/www.12rbc.ca\\\/en\\\/#website\",\"url\":\"https:\\\/\\\/www.12rbc.ca\\\/en\\\/\",\"name\":\"Association du 12i\u00e8me R\u00e9giment blind\u00e9 du Canada\",\"description\":\"\",\"potentialAction\":[{\"@type\":\"SearchAction\",\"target\":{\"@type\":\"EntryPoint\",\"urlTemplate\":\"https:\\\/\\\/www.12rbc.ca\\\/en\\\/?s={search_term_string}\"},\"query-input\":{\"@type\":\"PropertyValueSpecification\",\"valueRequired\":true,\"valueName\":\"search_term_string\"}}],\"inLanguage\":\"en-US\"}]}<\/script>\n<!-- \/ Yoast SEO plugin. -->","yoast_head_json":{"title":"Cadre Canada rouge - Association du 12i\u00e8me R\u00e9giment blind\u00e9 du Canada","robots":{"index":"index","follow":"follow","max-snippet":"max-snippet:-1","max-image-preview":"max-image-preview:large","max-video-preview":"max-video-preview:-1"},"canonical":"https:\/\/www.12rbc.ca\/en\/produit\/cadre-canada-rouge\/","og_locale":"en_US","og_type":"article","og_title":"Cadre Canada rouge - Association du 12i\u00e8me R\u00e9giment blind\u00e9 du Canada","og_description":"***Produit Qu\u00e9b\u00e9cois *** Cadre mural pour exposition de coin en bois de grange style rustique. Chaque cadre est un produit unique cr\u00e9\u00e9 par des artisans d\u2019ici. Nous avons plusieurs variantes de couleur de fond disponibles pour tous les logos. Dimension approximatif\u00a0 : 30\u00a0\u00bb long x 20\u00a0\u00bb large Vous avez une demande sp\u00e9ciale concernant un projet [&hellip;]","og_url":"https:\/\/www.12rbc.ca\/en\/produit\/cadre-canada-rouge\/","og_site_name":"Association du 12i\u00e8me R\u00e9giment blind\u00e9 du Canada","article_modified_time":"2024-01-09T18:29:50+00:00","og_image":[{"width":466,"height":352,"url":"https:\/\/www.12rbc.ca\/wp-content\/uploads\/2021\/02\/img_2825.jpeg","type":"image\/jpeg"}],"twitter_card":"summary_large_image","schema":{"@context":"https:\/\/schema.org","@graph":[{"@type":"WebPage","@id":"https:\/\/www.12rbc.ca\/en\/produit\/cadre-canada-rouge\/","url":"https:\/\/www.12rbc.ca\/en\/produit\/cadre-canada-rouge\/","name":"Cadre Canada rouge - Association du 12i\u00e8me R\u00e9giment blind\u00e9 du Canada","isPartOf":{"@id":"https:\/\/www.12rbc.ca\/en\/#website"},"primaryImageOfPage":{"@id":"https:\/\/www.12rbc.ca\/en\/produit\/cadre-canada-rouge\/#primaryimage"},"image":{"@id":"https:\/\/www.12rbc.ca\/en\/produit\/cadre-canada-rouge\/#primaryimage"},"thumbnailUrl":"https:\/\/www.12rbc.ca\/wp-content\/uploads\/2021\/02\/img_2825.jpeg","datePublished":"2021-02-15T23:52:18+00:00","dateModified":"2024-01-09T18:29:50+00:00","breadcrumb":{"@id":"https:\/\/www.12rbc.ca\/en\/produit\/cadre-canada-rouge\/#breadcrumb"},"inLanguage":"en-US","potentialAction":[{"@type":"ReadAction","target":["https:\/\/www.12rbc.ca\/en\/produit\/cadre-canada-rouge\/"]}]},{"@type":"ImageObject","inLanguage":"en-US","@id":"https:\/\/www.12rbc.ca\/en\/produit\/cadre-canada-rouge\/#primaryimage","url":"https:\/\/www.12rbc.ca\/wp-content\/uploads\/2021\/02\/img_2825.jpeg","contentUrl":"https:\/\/www.12rbc.ca\/wp-content\/uploads\/2021\/02\/img_2825.jpeg","width":466,"height":352},{"@type":"BreadcrumbList","@id":"https:\/\/www.12rbc.ca\/en\/produit\/cadre-canada-rouge\/#breadcrumb","itemListElement":[{"@type":"ListItem","position":1,"name":"Accueil","item":"https:\/\/www.12rbc.ca\/en\/accueil\/"},{"@type":"ListItem","position":2,"name":"Kit Shop","item":"https:\/\/www.12rbc.ca\/en\/kit-shop\/"},{"@type":"ListItem","position":3,"name":"Cadre Canada rouge"}]},{"@type":"WebSite","@id":"https:\/\/www.12rbc.ca\/en\/#website","url":"https:\/\/www.12rbc.ca\/en\/","name":"Association du 12i\u00e8me R\u00e9giment blind\u00e9 du Canada","description":"","potentialAction":[{"@type":"SearchAction","target":{"@type":"EntryPoint","urlTemplate":"https:\/\/www.12rbc.ca\/en\/?s={search_term_string}"},"query-input":{"@type":"PropertyValueSpecification","valueRequired":true,"valueName":"search_term_string"}}],"inLanguage":"en-US"}]}},"jetpack_sharing_enabled":true,"_links":{"self":[{"href":"https:\/\/www.12rbc.ca\/en\/wp-json\/wp\/v2\/product\/4039","targetHints":{"allow":["GET"]}}],"collection":[{"href":"https:\/\/www.12rbc.ca\/en\/wp-json\/wp\/v2\/product"}],"about":[{"href":"https:\/\/www.12rbc.ca\/en\/wp-json\/wp\/v2\/types\/product"}],"wp:featuredmedia":[{"embeddable":true,"href":"https:\/\/www.12rbc.ca\/en\/wp-json\/wp\/v2\/media\/3211"}],"wp:attachment":[{"href":"https:\/\/www.12rbc.ca\/en\/wp-json\/wp\/v2\/media?parent=4039"}],"wp:term":[{"taxonomy":"product_brand","embeddable":true,"href":"https:\/\/www.12rbc.ca\/en\/wp-json\/wp\/v2\/product_brand?post=4039"},{"taxonomy":"product_cat","embeddable":true,"href":"https:\/\/www.12rbc.ca\/en\/wp-json\/wp\/v2\/product_cat?post=4039"},{"taxonomy":"product_tag","embeddable":true,"href":"https:\/\/www.12rbc.ca\/en\/wp-json\/wp\/v2\/product_tag?post=4039"}],"curies":[{"name":"wp","href":"https:\/\/api.w.org\/{rel}","templated":true}]}}