{"id":3945,"date":"2021-03-20T09:15:36","date_gmt":"2021-03-20T13:15:36","guid":{"rendered":"https:\/\/www.12rbc.ca\/produit\/mystery-ranch2-day-assault\/"},"modified":"2023-04-17T10:33:13","modified_gmt":"2023-04-17T14:33:13","slug":"mystery-ranch2-day-assault","status":"publish","type":"product","link":"https:\/\/www.12rbc.ca\/en\/produit\/mystery-ranch2-day-assault\/","title":{"rendered":"Mystery ranch2 day Assault"},"content":{"rendered":"<p>Le nouveau 2-DAY est une option r\u00e9duite pour les passionn\u00e9s non militaires, int\u00e9gr\u00e9e dans une taille et une fonctionnalit\u00e9 urbaines plus petites et quotidiennes. Assez de MOLLE sur les c\u00f4t\u00e9s et \u00e0 l&#8217;arri\u00e8re du sac pour divertir les substitutions des accessoires de poche flash-bang aux n\u00e9cessit\u00e9s urbaines. Toutes les cloches et sifflets que vous attendez dans un 3-DAP avec la pochette d&#8217;ordinateur flottante int\u00e9gr\u00e9e pour un style de vie non combatif.<\/p>\n<p>&nbsp;<\/p>\n<p><strong>Caract\u00e9ristiques<\/strong><\/p>\n<ul>\n<li>Conception classique \u00e0 3 ZIP pour un acc\u00e8s facile et rapide \u00e0 l&#8217;int\u00e9rieur<\/li>\n<li>Deux poches zipp\u00e9es sur le rabat<\/li>\n<li>Pile VELCRO\u00ae sur le dessus du couvercle pour les patchs de moral<\/li>\n<li>Poches de vidage int\u00e9rieures<\/li>\n<li>Empi\u00e8cement r\u00e9glable<\/li>\n<li>Compartiment principal et acc\u00e8s zipp\u00e9 lat\u00e9ral \u00e0 la pochette flottante et rembourr\u00e9e qui convient aux ordinateurs portables jusqu&#8217;\u00e0 15 po et \u00e0 la pochette pour documents \/ tablettes<\/li>\n<li>Deux poches int\u00e9rieures en filet<\/li>\n<li>Feuille de cadre en plastique pleine longueur<\/li>\n<li>Ceinture amovible \u00e0 la taille<\/li>\n<li>Sangles de compression<\/li>\n<li>MOLLE \u00e0 l&#8217;ext\u00e9rieur<\/li>\n<li>Tissu CORDURA\u00ae 500D et fermetures \u00e9clair YKK\u00ae<\/li>\n<\/ul>\n<p>&nbsp;<\/p>\n<p><strong>Sp\u00e9cifications<\/strong><\/p>\n<ul>\n<li>Poids: 1,4 kg<\/li>\n<li>Volume: 27 L<\/li>\n<li>Dimensions: 53x30x29cm<\/li>\n<li>Style de harnais: Encadr\u00e9<\/li>\n<\/ul>\n","protected":false},"excerpt":{"rendered":"<p>Le nouveau 2-DAY est une option r\u00e9duite pour les passionn\u00e9s non militaires, int\u00e9gr\u00e9e dans une taille et une fonctionnalit\u00e9 urbaines plus petites et quotidiennes. Assez de MOLLE sur les c\u00f4t\u00e9s et \u00e0 l&#8217;arri\u00e8re du sac pour divertir les substitutions des accessoires de poche flash-bang aux n\u00e9cessit\u00e9s urbaines. Toutes les cloches et sifflets que vous attendez [&hellip;]<\/p>\n","protected":false},"featured_media":3737,"template":"","meta":{"_acf_changed":false,"inline_featured_image":false},"product_brand":[],"product_cat":[331],"product_tag":[],"class_list":{"0":"post-3945","1":"product","2":"type-product","3":"status-publish","4":"has-post-thumbnail","6":"product_cat-tactical-equipment","8":"first","9":"instock","10":"taxable","11":"shipping-taxable","12":"purchasable","13":"product-type-variable","14":"wvs-archive-product-wrapper"},"acf":[],"yoast_head":"<!-- This site is optimized with the Yoast SEO plugin v27.5 - https:\/\/yoast.com\/product\/yoast-seo-wordpress\/ -->\n<title>Mystery ranch2 day Assault - Association du 12i\u00e8me R\u00e9giment blind\u00e9 du Canada<\/title>\n<meta name=\"robots\" content=\"index, follow, max-snippet:-1, max-image-preview:large, max-video-preview:-1\" \/>\n<link rel=\"canonical\" href=\"https:\/\/www.12rbc.ca\/en\/produit\/mystery-ranch2-day-assault\/\" \/>\n<meta property=\"og:locale\" content=\"en_US\" \/>\n<meta property=\"og:type\" content=\"article\" \/>\n<meta property=\"og:title\" content=\"Mystery ranch2 day Assault - Association du 12i\u00e8me R\u00e9giment blind\u00e9 du Canada\" \/>\n<meta property=\"og:description\" content=\"Le nouveau 2-DAY est une option r\u00e9duite pour les passionn\u00e9s non militaires, int\u00e9gr\u00e9e dans une taille et une fonctionnalit\u00e9 urbaines plus petites et quotidiennes. Assez de MOLLE sur les c\u00f4t\u00e9s et \u00e0 l&#8217;arri\u00e8re du sac pour divertir les substitutions des accessoires de poche flash-bang aux n\u00e9cessit\u00e9s urbaines. Toutes les cloches et sifflets que vous attendez [&hellip;]\" \/>\n<meta property=\"og:url\" content=\"https:\/\/www.12rbc.ca\/en\/produit\/mystery-ranch2-day-assault\/\" \/>\n<meta property=\"og:site_name\" content=\"Association du 12i\u00e8me R\u00e9giment blind\u00e9 du Canada\" \/>\n<meta property=\"article:modified_time\" content=\"2023-04-17T14:33:13+00:00\" \/>\n<meta property=\"og:image\" content=\"https:\/\/www.12rbc.ca\/wp-content\/uploads\/2021\/03\/mystery-ranch-2-day-assault-1.jpg\" \/>\n\t<meta property=\"og:image:width\" content=\"800\" \/>\n\t<meta property=\"og:image:height\" content=\"1024\" \/>\n\t<meta property=\"og:image:type\" content=\"image\/jpeg\" \/>\n<meta name=\"twitter:card\" content=\"summary_large_image\" \/>\n<meta name=\"twitter:label1\" content=\"Est. reading time\" \/>\n\t<meta name=\"twitter:data1\" content=\"1 minute\" \/>\n<script type=\"application\/ld+json\" class=\"yoast-schema-graph\">{\"@context\":\"https:\\\/\\\/schema.org\",\"@graph\":[{\"@type\":\"WebPage\",\"@id\":\"https:\\\/\\\/www.12rbc.ca\\\/en\\\/produit\\\/mystery-ranch2-day-assault\\\/\",\"url\":\"https:\\\/\\\/www.12rbc.ca\\\/en\\\/produit\\\/mystery-ranch2-day-assault\\\/\",\"name\":\"Mystery ranch2 day Assault - Association du 12i\u00e8me R\u00e9giment blind\u00e9 du Canada\",\"isPartOf\":{\"@id\":\"https:\\\/\\\/www.12rbc.ca\\\/en\\\/#website\"},\"primaryImageOfPage\":{\"@id\":\"https:\\\/\\\/www.12rbc.ca\\\/en\\\/produit\\\/mystery-ranch2-day-assault\\\/#primaryimage\"},\"image\":{\"@id\":\"https:\\\/\\\/www.12rbc.ca\\\/en\\\/produit\\\/mystery-ranch2-day-assault\\\/#primaryimage\"},\"thumbnailUrl\":\"https:\\\/\\\/www.12rbc.ca\\\/wp-content\\\/uploads\\\/2021\\\/03\\\/mystery-ranch-2-day-assault-1.jpg\",\"datePublished\":\"2021-03-20T13:15:36+00:00\",\"dateModified\":\"2023-04-17T14:33:13+00:00\",\"breadcrumb\":{\"@id\":\"https:\\\/\\\/www.12rbc.ca\\\/en\\\/produit\\\/mystery-ranch2-day-assault\\\/#breadcrumb\"},\"inLanguage\":\"en-US\",\"potentialAction\":[{\"@type\":\"ReadAction\",\"target\":[\"https:\\\/\\\/www.12rbc.ca\\\/en\\\/produit\\\/mystery-ranch2-day-assault\\\/\"]}]},{\"@type\":\"ImageObject\",\"inLanguage\":\"en-US\",\"@id\":\"https:\\\/\\\/www.12rbc.ca\\\/en\\\/produit\\\/mystery-ranch2-day-assault\\\/#primaryimage\",\"url\":\"https:\\\/\\\/www.12rbc.ca\\\/wp-content\\\/uploads\\\/2021\\\/03\\\/mystery-ranch-2-day-assault-1.jpg\",\"contentUrl\":\"https:\\\/\\\/www.12rbc.ca\\\/wp-content\\\/uploads\\\/2021\\\/03\\\/mystery-ranch-2-day-assault-1.jpg\",\"width\":800,\"height\":1024},{\"@type\":\"BreadcrumbList\",\"@id\":\"https:\\\/\\\/www.12rbc.ca\\\/en\\\/produit\\\/mystery-ranch2-day-assault\\\/#breadcrumb\",\"itemListElement\":[{\"@type\":\"ListItem\",\"position\":1,\"name\":\"Accueil\",\"item\":\"https:\\\/\\\/www.12rbc.ca\\\/en\\\/accueil\\\/\"},{\"@type\":\"ListItem\",\"position\":2,\"name\":\"Kit Shop\",\"item\":\"https:\\\/\\\/www.12rbc.ca\\\/en\\\/kit-shop\\\/\"},{\"@type\":\"ListItem\",\"position\":3,\"name\":\"Mystery ranch2 day Assault\"}]},{\"@type\":\"WebSite\",\"@id\":\"https:\\\/\\\/www.12rbc.ca\\\/en\\\/#website\",\"url\":\"https:\\\/\\\/www.12rbc.ca\\\/en\\\/\",\"name\":\"Association du 12i\u00e8me R\u00e9giment blind\u00e9 du Canada\",\"description\":\"\",\"potentialAction\":[{\"@type\":\"SearchAction\",\"target\":{\"@type\":\"EntryPoint\",\"urlTemplate\":\"https:\\\/\\\/www.12rbc.ca\\\/en\\\/?s={search_term_string}\"},\"query-input\":{\"@type\":\"PropertyValueSpecification\",\"valueRequired\":true,\"valueName\":\"search_term_string\"}}],\"inLanguage\":\"en-US\"}]}<\/script>\n<!-- \/ Yoast SEO plugin. -->","yoast_head_json":{"title":"Mystery ranch2 day Assault - Association du 12i\u00e8me R\u00e9giment blind\u00e9 du Canada","robots":{"index":"index","follow":"follow","max-snippet":"max-snippet:-1","max-image-preview":"max-image-preview:large","max-video-preview":"max-video-preview:-1"},"canonical":"https:\/\/www.12rbc.ca\/en\/produit\/mystery-ranch2-day-assault\/","og_locale":"en_US","og_type":"article","og_title":"Mystery ranch2 day Assault - Association du 12i\u00e8me R\u00e9giment blind\u00e9 du Canada","og_description":"Le nouveau 2-DAY est une option r\u00e9duite pour les passionn\u00e9s non militaires, int\u00e9gr\u00e9e dans une taille et une fonctionnalit\u00e9 urbaines plus petites et quotidiennes. Assez de MOLLE sur les c\u00f4t\u00e9s et \u00e0 l&#8217;arri\u00e8re du sac pour divertir les substitutions des accessoires de poche flash-bang aux n\u00e9cessit\u00e9s urbaines. Toutes les cloches et sifflets que vous attendez [&hellip;]","og_url":"https:\/\/www.12rbc.ca\/en\/produit\/mystery-ranch2-day-assault\/","og_site_name":"Association du 12i\u00e8me R\u00e9giment blind\u00e9 du Canada","article_modified_time":"2023-04-17T14:33:13+00:00","og_image":[{"width":800,"height":1024,"url":"https:\/\/www.12rbc.ca\/wp-content\/uploads\/2021\/03\/mystery-ranch-2-day-assault-1.jpg","type":"image\/jpeg"}],"twitter_card":"summary_large_image","twitter_misc":{"Est. reading time":"1 minute"},"schema":{"@context":"https:\/\/schema.org","@graph":[{"@type":"WebPage","@id":"https:\/\/www.12rbc.ca\/en\/produit\/mystery-ranch2-day-assault\/","url":"https:\/\/www.12rbc.ca\/en\/produit\/mystery-ranch2-day-assault\/","name":"Mystery ranch2 day Assault - Association du 12i\u00e8me R\u00e9giment blind\u00e9 du Canada","isPartOf":{"@id":"https:\/\/www.12rbc.ca\/en\/#website"},"primaryImageOfPage":{"@id":"https:\/\/www.12rbc.ca\/en\/produit\/mystery-ranch2-day-assault\/#primaryimage"},"image":{"@id":"https:\/\/www.12rbc.ca\/en\/produit\/mystery-ranch2-day-assault\/#primaryimage"},"thumbnailUrl":"https:\/\/www.12rbc.ca\/wp-content\/uploads\/2021\/03\/mystery-ranch-2-day-assault-1.jpg","datePublished":"2021-03-20T13:15:36+00:00","dateModified":"2023-04-17T14:33:13+00:00","breadcrumb":{"@id":"https:\/\/www.12rbc.ca\/en\/produit\/mystery-ranch2-day-assault\/#breadcrumb"},"inLanguage":"en-US","potentialAction":[{"@type":"ReadAction","target":["https:\/\/www.12rbc.ca\/en\/produit\/mystery-ranch2-day-assault\/"]}]},{"@type":"ImageObject","inLanguage":"en-US","@id":"https:\/\/www.12rbc.ca\/en\/produit\/mystery-ranch2-day-assault\/#primaryimage","url":"https:\/\/www.12rbc.ca\/wp-content\/uploads\/2021\/03\/mystery-ranch-2-day-assault-1.jpg","contentUrl":"https:\/\/www.12rbc.ca\/wp-content\/uploads\/2021\/03\/mystery-ranch-2-day-assault-1.jpg","width":800,"height":1024},{"@type":"BreadcrumbList","@id":"https:\/\/www.12rbc.ca\/en\/produit\/mystery-ranch2-day-assault\/#breadcrumb","itemListElement":[{"@type":"ListItem","position":1,"name":"Accueil","item":"https:\/\/www.12rbc.ca\/en\/accueil\/"},{"@type":"ListItem","position":2,"name":"Kit Shop","item":"https:\/\/www.12rbc.ca\/en\/kit-shop\/"},{"@type":"ListItem","position":3,"name":"Mystery ranch2 day Assault"}]},{"@type":"WebSite","@id":"https:\/\/www.12rbc.ca\/en\/#website","url":"https:\/\/www.12rbc.ca\/en\/","name":"Association du 12i\u00e8me R\u00e9giment blind\u00e9 du Canada","description":"","potentialAction":[{"@type":"SearchAction","target":{"@type":"EntryPoint","urlTemplate":"https:\/\/www.12rbc.ca\/en\/?s={search_term_string}"},"query-input":{"@type":"PropertyValueSpecification","valueRequired":true,"valueName":"search_term_string"}}],"inLanguage":"en-US"}]}},"jetpack_sharing_enabled":true,"_links":{"self":[{"href":"https:\/\/www.12rbc.ca\/en\/wp-json\/wp\/v2\/product\/3945","targetHints":{"allow":["GET"]}}],"collection":[{"href":"https:\/\/www.12rbc.ca\/en\/wp-json\/wp\/v2\/product"}],"about":[{"href":"https:\/\/www.12rbc.ca\/en\/wp-json\/wp\/v2\/types\/product"}],"wp:featuredmedia":[{"embeddable":true,"href":"https:\/\/www.12rbc.ca\/en\/wp-json\/wp\/v2\/media\/3737"}],"wp:attachment":[{"href":"https:\/\/www.12rbc.ca\/en\/wp-json\/wp\/v2\/media?parent=3945"}],"wp:term":[{"taxonomy":"product_brand","embeddable":true,"href":"https:\/\/www.12rbc.ca\/en\/wp-json\/wp\/v2\/product_brand?post=3945"},{"taxonomy":"product_cat","embeddable":true,"href":"https:\/\/www.12rbc.ca\/en\/wp-json\/wp\/v2\/product_cat?post=3945"},{"taxonomy":"product_tag","embeddable":true,"href":"https:\/\/www.12rbc.ca\/en\/wp-json\/wp\/v2\/product_tag?post=3945"}],"curies":[{"name":"wp","href":"https:\/\/api.w.org\/{rel}","templated":true}]}}