{"id":3863,"date":"2021-03-22T19:23:52","date_gmt":"2021-03-22T23:23:52","guid":{"rendered":"https:\/\/www.12rbc.ca\/produit\/modular-trooper-pack\/"},"modified":"2021-04-09T13:31:14","modified_gmt":"2021-04-09T17:31:14","slug":"modular-trooper-pack","status":"publish","type":"product","link":"https:\/\/www.12rbc.ca\/en\/produit\/modular-trooper-pack\/","title":{"rendered":"MODULAR TROOPER PACK"},"content":{"rendered":"<p>Sac \u00e0 dos militaire universel avec deux poches amovibles et le syst\u00e8me de transport V2 Plus. Bas\u00e9 sur le mod\u00e8le pr\u00e9c\u00e9dent, le TT Modular Trooper Pack offre un agencement optimis\u00e9 et de nouvelles fonctionnalit\u00e9s. Le compartiment principal s&#8217;ouvre compl\u00e8tement et les guides de fermeture \u00e0 glissi\u00e8re sp\u00e9ciaux permettent d&#8217;utiliser le sac comme chargeur par le haut. Les panneaux arri\u00e8re des compartiments avant et principal comportent un crochet et une boucle MOLLE pour un chargement personnalis\u00e9, et les deux poches avant ont des pochettes en filet \u00e0 glissi\u00e8re pour organiser votre \u00e9quipement. MOLLE d\u00e9coup\u00e9 au laser sur le devant et les c\u00f4t\u00e9s vous permet d&#8217;ajouter des pochettes ou du mat\u00e9riel suppl\u00e9mentaire \u00e0 votre guise. Le sac \u00e0 dos a une housse de pluie int\u00e9gr\u00e9e et une ceinture de hanche amovible qui peut \u00e9galement \u00eatre utilis\u00e9e comme ceinture de guerrier. Le panneau arri\u00e8re peut \u00eatre ajust\u00e9 \u00e0 diff\u00e9rentes longueurs de dos.<\/p>\n<p>&nbsp;<\/p>\n<p><strong>Caract\u00e9ristiques<\/strong><\/p>\n<ul>\n<li>Capacit\u00e9 du sac \u00e0 dos principal 45 l, poche avant sup\u00e9rieure 2 l, poche avant inf\u00e9rieure 8 l<\/li>\n<li>Syst\u00e8me de transport V2 Plus<\/li>\n<li>Compression lat\u00e9rale<\/li>\n<li>Poign\u00e9e durable et renforc\u00e9e<\/li>\n<li>Couvercle \u00e0 ouverture avant et sup\u00e9rieure avec acc\u00e8s au compartiment principal<\/li>\n<li>Compatible avec le syst\u00e8me d&#8217;hydratation<\/li>\n<li>Housse de pluie int\u00e9gr\u00e9e \u00e0 l&#8217;int\u00e9rieur du compartiment inf\u00e9rieur<\/li>\n<li>Poches lat\u00e9rales<\/li>\n<li>Boucles porte-mat\u00e9riel sur le devant<\/li>\n<li>Ports d&#8217;antenne dans le compartiment principal<\/li>\n<li>Ceinture de hanche amovible, peut \u00eatre utilis\u00e9e s\u00e9par\u00e9ment comme ceinture de guerrier<\/li>\n<li>Syst\u00e8me MOLLE des deux c\u00f4t\u00e9s et poche avant<\/li>\n<li>Syst\u00e8me MOLLE d\u00e9coup\u00e9 au laser<\/li>\n<li>MOLLE auto-agrippant \u00e0 l&#8217;int\u00e9rieur pour une modularit\u00e9 illimit\u00e9e<\/li>\n<li>Deux poches avant avec organisateur, poches en filet et crochet et boucle MOLLE<\/li>\n<\/ul>\n<p>&nbsp;<\/p>\n<p><strong>Caract\u00e9ristiques<\/strong><\/p>\n<ul>\n<li>Mesures: 62 x 34 x 19 cm<\/li>\n<li>Capacit\u00e9: 55 l<\/li>\n<li>Poids: 2,75 kg<\/li>\n<li>Tissu 1: CORDURA\u00ae 700 den<\/li>\n<li>R\u00fcckensystem: Syst\u00e8me V2 Plus (TT)<\/li>\n<\/ul>\n","protected":false},"excerpt":{"rendered":"<p>Sac \u00e0 dos militaire universel avec deux poches amovibles et le syst\u00e8me de transport V2 Plus. Bas\u00e9 sur le mod\u00e8le pr\u00e9c\u00e9dent, le TT Modular Trooper Pack offre un agencement optimis\u00e9 et de nouvelles fonctionnalit\u00e9s. Le compartiment principal s&#8217;ouvre compl\u00e8tement et les guides de fermeture \u00e0 glissi\u00e8re sp\u00e9ciaux permettent d&#8217;utiliser le sac comme chargeur par le [&hellip;]<\/p>\n","protected":false},"featured_media":3814,"template":"","meta":{"_acf_changed":false,"inline_featured_image":false},"product_brand":[],"product_cat":[331],"product_tag":[],"class_list":{"0":"post-3863","1":"product","2":"type-product","3":"status-publish","4":"has-post-thumbnail","6":"product_cat-tactical-equipment","8":"first","9":"instock","10":"taxable","11":"shipping-taxable","12":"purchasable","13":"product-type-variable","14":"wvs-archive-product-wrapper"},"acf":[],"yoast_head":"<!-- This site is optimized with the Yoast SEO plugin v27.5 - https:\/\/yoast.com\/product\/yoast-seo-wordpress\/ -->\n<title>MODULAR TROOPER PACK - Association du 12i\u00e8me R\u00e9giment blind\u00e9 du Canada<\/title>\n<meta name=\"robots\" content=\"index, follow, max-snippet:-1, max-image-preview:large, max-video-preview:-1\" \/>\n<link rel=\"canonical\" href=\"https:\/\/www.12rbc.ca\/en\/produit\/modular-trooper-pack\/\" \/>\n<meta property=\"og:locale\" content=\"en_US\" \/>\n<meta property=\"og:type\" content=\"article\" \/>\n<meta property=\"og:title\" content=\"MODULAR TROOPER PACK - Association du 12i\u00e8me R\u00e9giment blind\u00e9 du Canada\" \/>\n<meta property=\"og:description\" content=\"Sac \u00e0 dos militaire universel avec deux poches amovibles et le syst\u00e8me de transport V2 Plus. Bas\u00e9 sur le mod\u00e8le pr\u00e9c\u00e9dent, le TT Modular Trooper Pack offre un agencement optimis\u00e9 et de nouvelles fonctionnalit\u00e9s. Le compartiment principal s&#8217;ouvre compl\u00e8tement et les guides de fermeture \u00e0 glissi\u00e8re sp\u00e9ciaux permettent d&#8217;utiliser le sac comme chargeur par le [&hellip;]\" \/>\n<meta property=\"og:url\" content=\"https:\/\/www.12rbc.ca\/en\/produit\/modular-trooper-pack\/\" \/>\n<meta property=\"og:site_name\" content=\"Association du 12i\u00e8me R\u00e9giment blind\u00e9 du Canada\" \/>\n<meta property=\"article:modified_time\" content=\"2021-04-09T17:31:14+00:00\" \/>\n<meta property=\"og:image\" content=\"https:\/\/www.12rbc.ca\/wp-content\/uploads\/2021\/03\/image-12.jpg\" \/>\n\t<meta property=\"og:image:width\" content=\"1200\" \/>\n\t<meta property=\"og:image:height\" content=\"1200\" \/>\n\t<meta property=\"og:image:type\" content=\"image\/jpeg\" \/>\n<meta name=\"twitter:card\" content=\"summary_large_image\" \/>\n<meta name=\"twitter:label1\" content=\"Est. reading time\" \/>\n\t<meta name=\"twitter:data1\" content=\"2 minutes\" \/>\n<script type=\"application\/ld+json\" class=\"yoast-schema-graph\">{\"@context\":\"https:\\\/\\\/schema.org\",\"@graph\":[{\"@type\":\"WebPage\",\"@id\":\"https:\\\/\\\/www.12rbc.ca\\\/en\\\/produit\\\/modular-trooper-pack\\\/\",\"url\":\"https:\\\/\\\/www.12rbc.ca\\\/en\\\/produit\\\/modular-trooper-pack\\\/\",\"name\":\"MODULAR TROOPER PACK - Association du 12i\u00e8me R\u00e9giment blind\u00e9 du Canada\",\"isPartOf\":{\"@id\":\"https:\\\/\\\/www.12rbc.ca\\\/en\\\/#website\"},\"primaryImageOfPage\":{\"@id\":\"https:\\\/\\\/www.12rbc.ca\\\/en\\\/produit\\\/modular-trooper-pack\\\/#primaryimage\"},\"image\":{\"@id\":\"https:\\\/\\\/www.12rbc.ca\\\/en\\\/produit\\\/modular-trooper-pack\\\/#primaryimage\"},\"thumbnailUrl\":\"https:\\\/\\\/www.12rbc.ca\\\/wp-content\\\/uploads\\\/2021\\\/03\\\/image-12.jpg\",\"datePublished\":\"2021-03-22T23:23:52+00:00\",\"dateModified\":\"2021-04-09T17:31:14+00:00\",\"breadcrumb\":{\"@id\":\"https:\\\/\\\/www.12rbc.ca\\\/en\\\/produit\\\/modular-trooper-pack\\\/#breadcrumb\"},\"inLanguage\":\"en-US\",\"potentialAction\":[{\"@type\":\"ReadAction\",\"target\":[\"https:\\\/\\\/www.12rbc.ca\\\/en\\\/produit\\\/modular-trooper-pack\\\/\"]}]},{\"@type\":\"ImageObject\",\"inLanguage\":\"en-US\",\"@id\":\"https:\\\/\\\/www.12rbc.ca\\\/en\\\/produit\\\/modular-trooper-pack\\\/#primaryimage\",\"url\":\"https:\\\/\\\/www.12rbc.ca\\\/wp-content\\\/uploads\\\/2021\\\/03\\\/image-12.jpg\",\"contentUrl\":\"https:\\\/\\\/www.12rbc.ca\\\/wp-content\\\/uploads\\\/2021\\\/03\\\/image-12.jpg\",\"width\":1200,\"height\":1200},{\"@type\":\"BreadcrumbList\",\"@id\":\"https:\\\/\\\/www.12rbc.ca\\\/en\\\/produit\\\/modular-trooper-pack\\\/#breadcrumb\",\"itemListElement\":[{\"@type\":\"ListItem\",\"position\":1,\"name\":\"Accueil\",\"item\":\"https:\\\/\\\/www.12rbc.ca\\\/en\\\/accueil\\\/\"},{\"@type\":\"ListItem\",\"position\":2,\"name\":\"Kit Shop\",\"item\":\"https:\\\/\\\/www.12rbc.ca\\\/en\\\/kit-shop\\\/\"},{\"@type\":\"ListItem\",\"position\":3,\"name\":\"MODULAR TROOPER PACK\"}]},{\"@type\":\"WebSite\",\"@id\":\"https:\\\/\\\/www.12rbc.ca\\\/en\\\/#website\",\"url\":\"https:\\\/\\\/www.12rbc.ca\\\/en\\\/\",\"name\":\"Association du 12i\u00e8me R\u00e9giment blind\u00e9 du Canada\",\"description\":\"\",\"potentialAction\":[{\"@type\":\"SearchAction\",\"target\":{\"@type\":\"EntryPoint\",\"urlTemplate\":\"https:\\\/\\\/www.12rbc.ca\\\/en\\\/?s={search_term_string}\"},\"query-input\":{\"@type\":\"PropertyValueSpecification\",\"valueRequired\":true,\"valueName\":\"search_term_string\"}}],\"inLanguage\":\"en-US\"}]}<\/script>\n<!-- \/ Yoast SEO plugin. -->","yoast_head_json":{"title":"MODULAR TROOPER PACK - Association du 12i\u00e8me R\u00e9giment blind\u00e9 du Canada","robots":{"index":"index","follow":"follow","max-snippet":"max-snippet:-1","max-image-preview":"max-image-preview:large","max-video-preview":"max-video-preview:-1"},"canonical":"https:\/\/www.12rbc.ca\/en\/produit\/modular-trooper-pack\/","og_locale":"en_US","og_type":"article","og_title":"MODULAR TROOPER PACK - Association du 12i\u00e8me R\u00e9giment blind\u00e9 du Canada","og_description":"Sac \u00e0 dos militaire universel avec deux poches amovibles et le syst\u00e8me de transport V2 Plus. Bas\u00e9 sur le mod\u00e8le pr\u00e9c\u00e9dent, le TT Modular Trooper Pack offre un agencement optimis\u00e9 et de nouvelles fonctionnalit\u00e9s. Le compartiment principal s&#8217;ouvre compl\u00e8tement et les guides de fermeture \u00e0 glissi\u00e8re sp\u00e9ciaux permettent d&#8217;utiliser le sac comme chargeur par le [&hellip;]","og_url":"https:\/\/www.12rbc.ca\/en\/produit\/modular-trooper-pack\/","og_site_name":"Association du 12i\u00e8me R\u00e9giment blind\u00e9 du Canada","article_modified_time":"2021-04-09T17:31:14+00:00","og_image":[{"width":1200,"height":1200,"url":"https:\/\/www.12rbc.ca\/wp-content\/uploads\/2021\/03\/image-12.jpg","type":"image\/jpeg"}],"twitter_card":"summary_large_image","twitter_misc":{"Est. reading time":"2 minutes"},"schema":{"@context":"https:\/\/schema.org","@graph":[{"@type":"WebPage","@id":"https:\/\/www.12rbc.ca\/en\/produit\/modular-trooper-pack\/","url":"https:\/\/www.12rbc.ca\/en\/produit\/modular-trooper-pack\/","name":"MODULAR TROOPER PACK - Association du 12i\u00e8me R\u00e9giment blind\u00e9 du Canada","isPartOf":{"@id":"https:\/\/www.12rbc.ca\/en\/#website"},"primaryImageOfPage":{"@id":"https:\/\/www.12rbc.ca\/en\/produit\/modular-trooper-pack\/#primaryimage"},"image":{"@id":"https:\/\/www.12rbc.ca\/en\/produit\/modular-trooper-pack\/#primaryimage"},"thumbnailUrl":"https:\/\/www.12rbc.ca\/wp-content\/uploads\/2021\/03\/image-12.jpg","datePublished":"2021-03-22T23:23:52+00:00","dateModified":"2021-04-09T17:31:14+00:00","breadcrumb":{"@id":"https:\/\/www.12rbc.ca\/en\/produit\/modular-trooper-pack\/#breadcrumb"},"inLanguage":"en-US","potentialAction":[{"@type":"ReadAction","target":["https:\/\/www.12rbc.ca\/en\/produit\/modular-trooper-pack\/"]}]},{"@type":"ImageObject","inLanguage":"en-US","@id":"https:\/\/www.12rbc.ca\/en\/produit\/modular-trooper-pack\/#primaryimage","url":"https:\/\/www.12rbc.ca\/wp-content\/uploads\/2021\/03\/image-12.jpg","contentUrl":"https:\/\/www.12rbc.ca\/wp-content\/uploads\/2021\/03\/image-12.jpg","width":1200,"height":1200},{"@type":"BreadcrumbList","@id":"https:\/\/www.12rbc.ca\/en\/produit\/modular-trooper-pack\/#breadcrumb","itemListElement":[{"@type":"ListItem","position":1,"name":"Accueil","item":"https:\/\/www.12rbc.ca\/en\/accueil\/"},{"@type":"ListItem","position":2,"name":"Kit Shop","item":"https:\/\/www.12rbc.ca\/en\/kit-shop\/"},{"@type":"ListItem","position":3,"name":"MODULAR TROOPER PACK"}]},{"@type":"WebSite","@id":"https:\/\/www.12rbc.ca\/en\/#website","url":"https:\/\/www.12rbc.ca\/en\/","name":"Association du 12i\u00e8me R\u00e9giment blind\u00e9 du Canada","description":"","potentialAction":[{"@type":"SearchAction","target":{"@type":"EntryPoint","urlTemplate":"https:\/\/www.12rbc.ca\/en\/?s={search_term_string}"},"query-input":{"@type":"PropertyValueSpecification","valueRequired":true,"valueName":"search_term_string"}}],"inLanguage":"en-US"}]}},"jetpack_sharing_enabled":true,"_links":{"self":[{"href":"https:\/\/www.12rbc.ca\/en\/wp-json\/wp\/v2\/product\/3863","targetHints":{"allow":["GET"]}}],"collection":[{"href":"https:\/\/www.12rbc.ca\/en\/wp-json\/wp\/v2\/product"}],"about":[{"href":"https:\/\/www.12rbc.ca\/en\/wp-json\/wp\/v2\/types\/product"}],"wp:featuredmedia":[{"embeddable":true,"href":"https:\/\/www.12rbc.ca\/en\/wp-json\/wp\/v2\/media\/3814"}],"wp:attachment":[{"href":"https:\/\/www.12rbc.ca\/en\/wp-json\/wp\/v2\/media?parent=3863"}],"wp:term":[{"taxonomy":"product_brand","embeddable":true,"href":"https:\/\/www.12rbc.ca\/en\/wp-json\/wp\/v2\/product_brand?post=3863"},{"taxonomy":"product_cat","embeddable":true,"href":"https:\/\/www.12rbc.ca\/en\/wp-json\/wp\/v2\/product_cat?post=3863"},{"taxonomy":"product_tag","embeddable":true,"href":"https:\/\/www.12rbc.ca\/en\/wp-json\/wp\/v2\/product_tag?post=3863"}],"curies":[{"name":"wp","href":"https:\/\/api.w.org\/{rel}","templated":true}]}}