{"id":1218,"date":"2026-01-09T13:21:13","date_gmt":"2026-01-09T18:21:13","guid":{"rendered":"https:\/\/www.12rbc.ca\/?page_id=1218"},"modified":"2026-01-09T13:25:38","modified_gmt":"2026-01-09T18:25:38","slug":"proces-verbale","status":"publish","type":"page","link":"https:\/\/www.12rbc.ca\/en\/proces-verbale\/","title":{"rendered":"Proc\u00e8s-verbaux et Communications"},"content":{"rendered":"\n<p><a href=\"https:\/\/www.12rbc.ca\/wp-content\/uploads\/2026\/01\/pv-aga-association-12rbc-11-decembre-2025.pdf\" target=\"_blank\" rel=\"noreferrer noopener\">Proc\u00e8s-verbal-AGA Association 11 d\u00e9cembre 2025<\/a><\/p>\n\n\n\n<p><a href=\"https:\/\/www.12rbc.ca\/wp-content\/uploads\/2026\/01\/pv-aga-fiduc-ie-12rbc-11-decembre-2025.pdf\" target=\"_blank\" rel=\"noreferrer noopener\">Proc\u00e8s-verbal- AGA Fiducie 11 d\u00e9cembre 2025<\/a><\/p>\n\n\n\n<p><a href=\"https:\/\/www.12rbc.ca\/wp-content\/uploads\/2022\/12\/Reglements-admin-Association-janvier-2022.pdf\">R\u00e8glements admin Association (janvier 2022)<\/a><\/p>\n\n\n\n<p><a href=\"https:\/\/www.12rbc.ca\/wp-content\/uploads\/2022\/12\/PV-AGA-Association-12RBC-11-jan-22-v1-1.pdf\">PV-AGA-Association-12RBC-11 jan 22 (v1) (1)<\/a><\/p>\n\n\n\n<p><a href=\"https:\/\/www.12rbc.ca\/wp-content\/uploads\/2022\/12\/PV-AGA-Fiducie-12RBC-11-jan-22-v1-1.pdf\">PV-AGA- Fiducie -12RBC-11 jan 22 (v1) (1)<\/a><\/p>\n\n\n\n<p><a href=\"https:\/\/www.12rbc.ca\/wp-content\/uploads\/2022\/12\/Avis-convocation-AGA-de-lAssociation-12-decembre-2022.pdf\">Convocation AGA de l&#8217;Association &#8211; 12 d\u00e9cembre 2022<\/a><\/p>\n\n\n\n<p><a href=\"https:\/\/www.12rbc.ca\/wp-content\/uploads\/2022\/12\/Copie-de-EVOLUTION-DU-PORTEFEUILLE-BMO-ASS-12e-RBC.pdf\">Portefeuille de l&#8217;Association aupr\u00e8s de la BMO<\/a><\/p>\n\n\n\n<p><a href=\"https:\/\/www.12rbc.ca\/wp-content\/uploads\/2022\/12\/Releve-BMO-31-oct-22.pdf\">Relev\u00e9 BMO 31 oct 22<\/a><\/p>\n\n\n\n<p><a href=\"https:\/\/www.12rbc.ca\/wp-content\/uploads\/2022\/12\/Rapport-annuel-2021-22-des-President-Final.pdf\">Rapport annuel 2021-2022<\/a><\/p>\n\n\n\n<p><a href=\"https:\/\/www.12rbc.ca\/wp-content\/uploads\/2022\/12\/EF-2022-ASS-DU-12-RBC-1.pdf\">EF 2022 ASS DU 12 RBC<\/a><\/p>\n\n\n\n<p><a href=\"https:\/\/www.12rbc.ca\/wp-content\/uploads\/2022\/12\/EF-2022-FIDUCIE-DU-12E-RBC.pdf\">EF 2022 FIDUCIE DU 12E RBC<\/a><\/p>\n\n\n\n<p><a href=\"https:\/\/www.12rbc.ca\/wp-content\/uploads\/2024\/03\/PV-AGA-Association-12RBC-22-janvier-2024-V1.pdf\">PV-AGA-Association-12RBC-22 Janvier 2024 (V1)<\/a><\/p>\n\n\n\n<p><a href=\"https:\/\/www.12rbc.ca\/wp-content\/uploads\/2024\/02\/PV-AGA-Fiducie-12RBC-22-janvier-2024-v1.pdf\">PV-AGA- Fiducie -12RBC-22 Janvier 2024 (v1)<\/a><\/p>\n\n\n\n<p><a href=\"https:\/\/www.12rbc.ca\/wp-content\/uploads\/2026\/01\/pv-aga-association-12rbc-11-decembre-2025.pdf\">PV-AGA-Association-12RBC-11 d\u00e9cembre 2025<\/a><\/p>\n\n\n\n<p><a href=\"https:\/\/www.12rbc.ca\/wp-content\/uploads\/2026\/01\/pv-aga-fiduc-ie-12rbc-11-decembre-2025.pdf\">PV-AGA-Fiducie-12RBC-11 d\u00e9cembre 2025<\/a><\/p>\n","protected":false},"excerpt":{"rendered":"<p>Proc\u00e8s-verbal-AGA Association 11 d\u00e9cembre 2025 Proc\u00e8s-verbal- AGA Fiducie 11 d\u00e9cembre 2025 R\u00e8glements admin Association (janvier 2022) PV-AGA-Association-12RBC-11 jan 22 (v1) (1) PV-AGA- Fiducie -12RBC-11 jan 22 (v1) (1) Convocation AGA de l&#8217;Association &#8211; 12 d\u00e9cembre 2022 Portefeuille de l&#8217;Association aupr\u00e8s de la BMO Relev\u00e9 BMO 31 oct 22 Rapport annuel 2021-2022 EF 2022 ASS DU [&hellip;]<\/p>\n","protected":false},"author":1,"featured_media":0,"parent":0,"menu_order":0,"comment_status":"closed","ping_status":"closed","template":"","meta":{"_acf_changed":false,"inline_featured_image":false,"footnotes":""},"class_list":["post-1218","page","type-page","status-publish","hentry"],"acf":[],"yoast_head":"<!-- This site is optimized with the Yoast SEO plugin v27.4 - https:\/\/yoast.com\/product\/yoast-seo-wordpress\/ -->\n<title>Proc\u00e8s-verbaux et Communications - Association du 12i\u00e8me R\u00e9giment blind\u00e9 du Canada<\/title>\n<meta name=\"robots\" content=\"index, follow, max-snippet:-1, max-image-preview:large, max-video-preview:-1\" \/>\n<link rel=\"canonical\" href=\"https:\/\/www.12rbc.ca\/en\/proces-verbale\/\" \/>\n<meta property=\"og:locale\" content=\"en_US\" \/>\n<meta property=\"og:type\" content=\"article\" \/>\n<meta property=\"og:title\" content=\"Proc\u00e8s-verbaux et Communications - Association du 12i\u00e8me R\u00e9giment blind\u00e9 du Canada\" \/>\n<meta property=\"og:description\" content=\"Proc\u00e8s-verbal-AGA Association 11 d\u00e9cembre 2025 Proc\u00e8s-verbal- AGA Fiducie 11 d\u00e9cembre 2025 R\u00e8glements admin Association (janvier 2022) PV-AGA-Association-12RBC-11 jan 22 (v1) (1) PV-AGA- Fiducie -12RBC-11 jan 22 (v1) (1) Convocation AGA de l&#8217;Association &#8211; 12 d\u00e9cembre 2022 Portefeuille de l&#8217;Association aupr\u00e8s de la BMO Relev\u00e9 BMO 31 oct 22 Rapport annuel 2021-2022 EF 2022 ASS DU [&hellip;]\" \/>\n<meta property=\"og:url\" content=\"https:\/\/www.12rbc.ca\/en\/proces-verbale\/\" \/>\n<meta property=\"og:site_name\" content=\"Association du 12i\u00e8me R\u00e9giment blind\u00e9 du Canada\" \/>\n<meta property=\"article:modified_time\" content=\"2026-01-09T18:25:38+00:00\" \/>\n<meta name=\"twitter:card\" content=\"summary_large_image\" \/>\n<meta name=\"twitter:label1\" content=\"Est. reading time\" \/>\n\t<meta name=\"twitter:data1\" content=\"1 minute\" \/>\n<script type=\"application\/ld+json\" class=\"yoast-schema-graph\">{\"@context\":\"https:\\\/\\\/schema.org\",\"@graph\":[{\"@type\":\"WebPage\",\"@id\":\"https:\\\/\\\/www.12rbc.ca\\\/en\\\/proces-verbale\\\/\",\"url\":\"https:\\\/\\\/www.12rbc.ca\\\/en\\\/proces-verbale\\\/\",\"name\":\"Proc\u00e8s-verbaux et Communications - Association du 12i\u00e8me R\u00e9giment blind\u00e9 du Canada\",\"isPartOf\":{\"@id\":\"https:\\\/\\\/www.12rbc.ca\\\/en\\\/#website\"},\"datePublished\":\"2026-01-09T18:21:13+00:00\",\"dateModified\":\"2026-01-09T18:25:38+00:00\",\"breadcrumb\":{\"@id\":\"https:\\\/\\\/www.12rbc.ca\\\/en\\\/proces-verbale\\\/#breadcrumb\"},\"inLanguage\":\"en-US\",\"potentialAction\":[{\"@type\":\"ReadAction\",\"target\":[\"https:\\\/\\\/www.12rbc.ca\\\/en\\\/proces-verbale\\\/\"]}]},{\"@type\":\"BreadcrumbList\",\"@id\":\"https:\\\/\\\/www.12rbc.ca\\\/en\\\/proces-verbale\\\/#breadcrumb\",\"itemListElement\":[{\"@type\":\"ListItem\",\"position\":1,\"name\":\"Accueil\",\"item\":\"https:\\\/\\\/www.12rbc.ca\\\/en\\\/accueil\\\/\"},{\"@type\":\"ListItem\",\"position\":2,\"name\":\"Proc\u00e8s-verbaux et Communications\"}]},{\"@type\":\"WebSite\",\"@id\":\"https:\\\/\\\/www.12rbc.ca\\\/en\\\/#website\",\"url\":\"https:\\\/\\\/www.12rbc.ca\\\/en\\\/\",\"name\":\"Association du 12i\u00e8me R\u00e9giment blind\u00e9 du Canada\",\"description\":\"\",\"potentialAction\":[{\"@type\":\"SearchAction\",\"target\":{\"@type\":\"EntryPoint\",\"urlTemplate\":\"https:\\\/\\\/www.12rbc.ca\\\/en\\\/?s={search_term_string}\"},\"query-input\":{\"@type\":\"PropertyValueSpecification\",\"valueRequired\":true,\"valueName\":\"search_term_string\"}}],\"inLanguage\":\"en-US\"}]}<\/script>\n<!-- \/ Yoast SEO plugin. -->","yoast_head_json":{"title":"Proc\u00e8s-verbaux et Communications - Association du 12i\u00e8me R\u00e9giment blind\u00e9 du Canada","robots":{"index":"index","follow":"follow","max-snippet":"max-snippet:-1","max-image-preview":"max-image-preview:large","max-video-preview":"max-video-preview:-1"},"canonical":"https:\/\/www.12rbc.ca\/en\/proces-verbale\/","og_locale":"en_US","og_type":"article","og_title":"Proc\u00e8s-verbaux et Communications - Association du 12i\u00e8me R\u00e9giment blind\u00e9 du Canada","og_description":"Proc\u00e8s-verbal-AGA Association 11 d\u00e9cembre 2025 Proc\u00e8s-verbal- AGA Fiducie 11 d\u00e9cembre 2025 R\u00e8glements admin Association (janvier 2022) PV-AGA-Association-12RBC-11 jan 22 (v1) (1) PV-AGA- Fiducie -12RBC-11 jan 22 (v1) (1) Convocation AGA de l&#8217;Association &#8211; 12 d\u00e9cembre 2022 Portefeuille de l&#8217;Association aupr\u00e8s de la BMO Relev\u00e9 BMO 31 oct 22 Rapport annuel 2021-2022 EF 2022 ASS DU [&hellip;]","og_url":"https:\/\/www.12rbc.ca\/en\/proces-verbale\/","og_site_name":"Association du 12i\u00e8me R\u00e9giment blind\u00e9 du Canada","article_modified_time":"2026-01-09T18:25:38+00:00","twitter_card":"summary_large_image","twitter_misc":{"Est. reading time":"1 minute"},"schema":{"@context":"https:\/\/schema.org","@graph":[{"@type":"WebPage","@id":"https:\/\/www.12rbc.ca\/en\/proces-verbale\/","url":"https:\/\/www.12rbc.ca\/en\/proces-verbale\/","name":"Proc\u00e8s-verbaux et Communications - Association du 12i\u00e8me R\u00e9giment blind\u00e9 du Canada","isPartOf":{"@id":"https:\/\/www.12rbc.ca\/en\/#website"},"datePublished":"2026-01-09T18:21:13+00:00","dateModified":"2026-01-09T18:25:38+00:00","breadcrumb":{"@id":"https:\/\/www.12rbc.ca\/en\/proces-verbale\/#breadcrumb"},"inLanguage":"en-US","potentialAction":[{"@type":"ReadAction","target":["https:\/\/www.12rbc.ca\/en\/proces-verbale\/"]}]},{"@type":"BreadcrumbList","@id":"https:\/\/www.12rbc.ca\/en\/proces-verbale\/#breadcrumb","itemListElement":[{"@type":"ListItem","position":1,"name":"Accueil","item":"https:\/\/www.12rbc.ca\/en\/accueil\/"},{"@type":"ListItem","position":2,"name":"Proc\u00e8s-verbaux et Communications"}]},{"@type":"WebSite","@id":"https:\/\/www.12rbc.ca\/en\/#website","url":"https:\/\/www.12rbc.ca\/en\/","name":"Association du 12i\u00e8me R\u00e9giment blind\u00e9 du Canada","description":"","potentialAction":[{"@type":"SearchAction","target":{"@type":"EntryPoint","urlTemplate":"https:\/\/www.12rbc.ca\/en\/?s={search_term_string}"},"query-input":{"@type":"PropertyValueSpecification","valueRequired":true,"valueName":"search_term_string"}}],"inLanguage":"en-US"}]}},"jetpack_sharing_enabled":true,"_links":{"self":[{"href":"https:\/\/www.12rbc.ca\/en\/wp-json\/wp\/v2\/pages\/1218","targetHints":{"allow":["GET"]}}],"collection":[{"href":"https:\/\/www.12rbc.ca\/en\/wp-json\/wp\/v2\/pages"}],"about":[{"href":"https:\/\/www.12rbc.ca\/en\/wp-json\/wp\/v2\/types\/page"}],"author":[{"embeddable":true,"href":"https:\/\/www.12rbc.ca\/en\/wp-json\/wp\/v2\/users\/1"}],"replies":[{"embeddable":true,"href":"https:\/\/www.12rbc.ca\/en\/wp-json\/wp\/v2\/comments?post=1218"}],"version-history":[{"count":0,"href":"https:\/\/www.12rbc.ca\/en\/wp-json\/wp\/v2\/pages\/1218\/revisions"}],"wp:attachment":[{"href":"https:\/\/www.12rbc.ca\/en\/wp-json\/wp\/v2\/media?parent=1218"}],"curies":[{"name":"wp","href":"https:\/\/api.w.org\/{rel}","templated":true}]}}